{"id":30313,"date":"2021-10-25T12:55:18","date_gmt":"2021-10-25T10:55:18","guid":{"rendered":"https:\/\/cryptsec.se\/product\/dahua-8ch-pro-nvr\/"},"modified":"2021-10-25T12:55:18","modified_gmt":"2021-10-25T10:55:18","slug":"dahua-8ch-pro-nvr","status":"publish","type":"product","link":"https:\/\/cryptsec.se\/sv\/product\/dahua-8ch-pro-nvr\/","title":{"rendered":"Dahua 8ch Pro NVR"},"content":{"rendered":"<h3>Dahua 8Ch Pro NVR<\/h3>\n<p><strong>H\u00f6guppl\u00f6st \u00f6vervakning i ett kompakt paket<\/strong><br \/>\nF\u00f6rh\u00f6j din s\u00e4kerhetsinstallation med Dahua 8 Channel 1U 2HDDs 8PoE 4K &amp; H.265 Pro Series NVR, en kompakt men robust n\u00e4tverksvideobandspelare utformad f\u00f6r dem som kr\u00e4ver b\u00e5de kvalitet och effektivitet. Denna NVR i Pro-serien har st\u00f6d f\u00f6r upp till 8 kanaler, vilket g\u00f6r den perfekt f\u00f6r sm\u00e5 till medelstora fastigheter som vill ha professionell \u00f6vervakning. Med 8PoE-portar f\u00f6renklar den kamerainstallationen genom att str\u00f6mf\u00f6rs\u00f6rja dina enheter direkt via n\u00e4tverkskabeln. 4K-uppl\u00f6sningen och H.265-komprimeringen s\u00e4kerst\u00e4ller att dina videofilmer \u00e4r av h\u00f6gsta kvalitet samtidigt som lagringsutrymmet optimeras. Avancerad <strong>teknik f\u00f6r kompromissl\u00f6s klarhet<\/strong><br \/>\nDyk in i detaljerna med 4K-videoinspelning. Dahua Pro Series NVR f\u00e5ngar varje \u00f6gonblick med o\u00f6vertr\u00e4ffad klarhet, vilket ger dig m\u00f6jlighet att se \u00e4ven de minsta detaljerna i dina bilder. I kombination med H.265-komprimeringsteknik minskar filstorleken utan att f\u00f6rlora kvaliteten, vilket m\u00f6jligg\u00f6r l\u00e4ngre lagringsperioder och effektivare bandbreddsanv\u00e4ndning. Oavsett om det g\u00e4ller bevismaterial vid en incident eller \u00f6vervakning av den dagliga verksamheten levererar denna NVR skarpa och tydliga videobilder. <strong>F\u00f6renklad installation och f\u00f6rb\u00e4ttrad anslutning<\/strong><br \/>\nDahua 8 Channel Pro Series NVR \u00e4r utformad f\u00f6r att vara enkel att anv\u00e4nda, med 8PoE-portar f\u00f6r enkel installation av IP-kameror. Denna funktion minskar inte bara installationstiden utan eliminerar ocks\u00e5 behovet av ytterligare str\u00f6mf\u00f6rs\u00f6rjning, vilket g\u00f6r ditt \u00f6vervakningssystem b\u00e5de snyggt och effektivt. Med st\u00f6d f\u00f6r 2HDD-diskar erbjuder den gott om lagringskapacitet f\u00f6r dina \u00f6vervakningsbehov. NVR:ns anv\u00e4ndarv\u00e4nliga gr\u00e4nssnitt s\u00e4kerst\u00e4ller snabb \u00e5tkomst till dina videofilmer, vilket g\u00f6r s\u00e4kerhetshanteringen problemfri.    <\/p>\n","protected":false},"excerpt":{"rendered":"<p class=\"tw-data-text tw-text-large XcVN5d tw-ta\" dir=\"ltr\" data-placeholder=\"\u00d6vers\u00e4ttning\"><span class=\"base\" data-ui-id=\"page-title-wrapper\"><span id=\"page688R_mcid60\" class=\"markedContent\"><\/span><span id=\"page688R_mcid62\" class=\"markedContent\"><span dir=\"ltr\" role=\"presentation\"><span id=\"page650R_mcid7\" class=\"markedContent\"><\/span><span id=\"page650R_mcid9\" class=\"markedContent\"><span id=\"page847R_mcid76\" class=\"markedContent\">Dahuas nya n\u00e4tverksvideobandspelare NVR5000-4KS2 levererar utm\u00e4rkt <\/span><span id=\"page847R_mcid77\" class=\"markedContent\">prestanda och h\u00f6g inspelningskvalitet som \u00e4r perfekt l\u00e4mpad f\u00f6r IP <\/span><span id=\"page847R_mcid78\" class=\"markedContent\">video\u00f6vervakningsapplikationer. <\/span> <\/span><\/span><\/span><\/span><\/p>\n<ul>\n<li>8 kanaler<\/li>\n<li>Upp till 24 MP uppl\u00f6sning f\u00f6r livevisning och uppspelning<\/li>\n<li>AI med kamera: Perimeterskydd; ansiktsigenk\u00e4nning och -detektering; SMD Plus; videometadata; ANPR; personr\u00e4kning; stereoanalys; f\u00f6rdelning av folkmassor; v\u00e4rmekarta<\/li>\n<\/ul>\n<p>Kod: <span style=\"color: #000000;\">DHI-NVR5208-8P-4KS2E<\/span><\/p>\n","protected":false},"featured_media":26159,"template":"","meta":[],"product_brand":[68],"product_cat":[866,829,855],"product_tag":[],"berocket_brand":[],"class_list":{"0":"post-30313","1":"product","2":"type-product","3":"status-publish","4":"has-post-thumbnail","6":"product_brand-dahuatechnology","7":"product_cat-dahua-ip-nvr","8":"product_cat-kameraovervakning","9":"product_cat-ip-video-inspelare","11":"first","12":"instock","13":"taxable","14":"shipping-taxable","15":"purchasable","16":"product-type-simple"},"_links":{"self":[{"href":"https:\/\/cryptsec.se\/sv\/wp-json\/wp\/v2\/product\/30313","targetHints":{"allow":["GET"]}}],"collection":[{"href":"https:\/\/cryptsec.se\/sv\/wp-json\/wp\/v2\/product"}],"about":[{"href":"https:\/\/cryptsec.se\/sv\/wp-json\/wp\/v2\/types\/product"}],"wp:featuredmedia":[{"embeddable":true,"href":"https:\/\/cryptsec.se\/sv\/wp-json\/wp\/v2\/media\/26159"}],"wp:attachment":[{"href":"https:\/\/cryptsec.se\/sv\/wp-json\/wp\/v2\/media?parent=30313"}],"wp:term":[{"taxonomy":"product_brand","embeddable":true,"href":"https:\/\/cryptsec.se\/sv\/wp-json\/wp\/v2\/product_brand?post=30313"},{"taxonomy":"product_cat","embeddable":true,"href":"https:\/\/cryptsec.se\/sv\/wp-json\/wp\/v2\/product_cat?post=30313"},{"taxonomy":"product_tag","embeddable":true,"href":"https:\/\/cryptsec.se\/sv\/wp-json\/wp\/v2\/product_tag?post=30313"},{"taxonomy":"berocket_brand","embeddable":true,"href":"https:\/\/cryptsec.se\/sv\/wp-json\/wp\/v2\/berocket_brand?post=30313"}],"curies":[{"name":"wp","href":"https:\/\/api.w.org\/{rel}","templated":true}]}}