{"id":30314,"date":"2021-10-22T18:58:34","date_gmt":"2021-10-22T16:58:34","guid":{"rendered":"https:\/\/cryptsec.se\/product\/mission-darkness-dry-shield-faraday-fodral-for-barbar-dator\/"},"modified":"2021-10-22T18:58:34","modified_gmt":"2021-10-22T16:58:34","slug":"mission-darkness-dry-shield-faraday-fodral-for-barbar-dator","status":"publish","type":"product","link":"https:\/\/cryptsec.se\/sv\/product\/mission-darkness-dry-shield-faraday-fodral-for-barbar-dator\/","title":{"rendered":"Mission Darkness\u2122 Dry Shield Faraday Fodral f\u00f6r b\u00e4rbar dator"},"content":{"rendered":"<h3>S\u00e4kra din digitala gr\u00e4ns: Det ultimata skyddet f\u00f6r b\u00e4rbara datorer<\/h3>\n<p><img decoding=\"async\" src=\"https:\/\/i.shgcdn.com\/2a18f786-b4eb-408c-97d2-8bd2a127ed2d\/-\/format\/auto\/-\/preview\/3000x3000\/-\/quality\/lighter\/\" alt=\"Mission Darkness Dry Shield Faraday Laptop Sleeve Mission Darkness Dry Shield Faraday Laptop Sleeve radiofrekvenssignalblockerande h\u00f6lje med NeoLok magnetisk f\u00f6rslutning och TitanRF Faraday tygfoderp Sleeve radiofrekvenssignalblockerande h\u00f6lje med NeoLok magnetisk f\u00f6rslutning och TitanRF Faraday tygfoder\"><\/p>\n<p><strong>Ogenomtr\u00e4ngligt digitalt pansar<\/strong><\/p>\n<p>Mission Darkness Dry Shield Faraday Laptop Sleeve \u00e4r inte bara ett skyddande fodral; det \u00e4r den ultimata v\u00e4ktaren av din digitala integritet. Fodralet \u00e4r konstruerat med milit\u00e4rklassad Faraday-teknik och skapar en s\u00e4ker barri\u00e4r som blockerar alla inkommande och utg\u00e5ende tr\u00e5dl\u00f6sa signaler. Den \u00e4r idealisk f\u00f6r yrkesverksamma, resen\u00e4rer och integritetsf\u00f6respr\u00e5kare och s\u00e4kerst\u00e4ller att din k\u00e4nsliga information och kommunikation f\u00f6rblir konfidentiell och skyddar mot obeh\u00f6rig \u00f6vervakning, hackning och digitalt spionage. Ta steget in i en v\u00e4rld d\u00e4r din digitala s\u00e4kerhet aldrig ifr\u00e5gas\u00e4tts.   <\/p>\n<p><strong>H\u00e5llbarhet m\u00f6ter design<\/strong><\/p>\n<p>Mission Darkness Dry Shield Faraday Laptop Sleeve \u00e4r utformat f\u00f6r den kr\u00e4sne anv\u00e4ndaren och kombinerar o\u00f6vertr\u00e4ffat skydd med sofistikerad stil. Den vattent\u00e4ta och slitstarka konstruktionen skyddar din b\u00e4rbara dator fr\u00e5n fysiska skador, medan den eleganta, l\u00e4tta designen g\u00f6r att den l\u00e4tt glider ner i din v\u00e4ska eller portf\u00f6lj. Det h\u00e4r fodralet skyddar inte bara din b\u00e4rbara dator fr\u00e5n digitala hot; det st\u00e5r ocks\u00e5 vakt mot elementen och vardagliga miss\u00f6den, vilket g\u00f6r det till ett m\u00e5ste f\u00f6r alla som tar sin integritet och datas\u00e4kerhet p\u00e5 allvar.  <\/p>\n<p><strong>En fristad f\u00f6r fokus och produktivitet<\/strong><\/p>\n<p>I en tid av st\u00e4ndigt digitalt brus erbjuder Mission Darkness Dry Shield Faraday Laptop Sleeve en unik l\u00f6sning f\u00f6r dig som vill minimera distraktioner och \u00f6ka produktiviteten. Genom att isolera din b\u00e4rbara dator fr\u00e5n tr\u00e5dl\u00f6s kommunikation skapas en fokuserad milj\u00f6 som uppmuntrar till djupt arbete och ost\u00f6rd kreativitet. Oavsett om du arbetar med k\u00e4nsliga projekt, \u00e4r p\u00e5 resande fot eller helt enkelt beh\u00f6ver en paus fr\u00e5n den digitala v\u00e4rlden, st\u00f6der det h\u00e4r fodralet din r\u00e4tt att v\u00e4lja n\u00e4r och hur du ansluter.  <\/p>\n<div id=\"s-a779675d-48f7-4aff-b550-075c45e13fd5\" class=\"shg-c \">\n<div class=\"shg-row\" data-col-grid-mode-on=\"\">\n<div class=\"shg-c-lg-6 shg-c-md-6 shg-c-sm-6 shg-c-xs-12\">\n<div id=\"s-3bb9d28f-70b9-449d-a921-749d4bebb0b7\" class=\"shg-c shogun-image-container \"><img decoding=\"async\" class=\"shogun-image \" src=\"https:\/\/i.shgcdn.com\/be5f1dbf-c538-42f2-9e03-7b9d64c904da\/-\/format\/auto\/-\/preview\/3000x3000\/-\/quality\/lighter\/\" alt=\"\" width=\"\" height=\"\"><\/div>\n<div id=\"s-02602c45-e01f-4b75-b509-28f2ea357a03\" class=\"shg-c \">\n<div class=\"shg-rich-text shg-theme-text-content\">\n<p>Placera enheten i v\u00e4skan och rulla ihop v\u00e4skans \u00f6vre del f\u00f6r att st\u00e4nga den. Ett filtfoder ovanp\u00e5 faradayv\u00e4ven skyddar k\u00e4nslig elektronik inuti. <\/p>\n<\/div>\n<\/div>\n<\/div>\n<div class=\"shg-c-lg-6 shg-c-md-6 shg-c-sm-6 shg-c-xs-12\">\n<div id=\"s-7b14f3f7-e188-4493-a1a4-0c643d872800-root\">\n<div id=\"wrap-s-7b14f3f7-e188-4493-a1a4-0c643d872800\" class=\"shg-image-margin-container-s-7b14f3f7-e188-4493-a1a4-0c643d872800\">\n<div class=\"s-7b14f3f7-e188-4493-a1a4-0c643d872800 shg-align-container\">\n<div id=\"s-7b14f3f7-e188-4493-a1a4-0c643d872800\" class=\"shg-c s-7b14f3f7-e188-4493-a1a4-0c643d872800 shogun-image-container shg-align-center\">\n<div class=\"shg-image-content-wrapper\"><img decoding=\"async\" class=\"shogun-image \" src=\"https:\/\/i.shgcdn.com\/31470d2b-ef40-4b9a-af58-507dd1ef7b63\/-\/format\/auto\/-\/preview\/3000x3000\/-\/quality\/lighter\/\" alt=\"Sk\u00e4rmat USB-filtret installerat g\u00f6r att enheten kan anslutas till str\u00f6mk\u00e4lla eller f\u00e5 data extraherad\"><\/div>\n<\/div>\n<\/div>\n<\/div>\n<\/div>\n<div id=\"s-30bc9546-c25e-47a1-858e-d1244e57c122\" class=\"shg-c \">\n<div class=\"shg-rich-text shg-theme-text-content\">\n<p>Ett sk\u00e4rmat USB-filter kan installeras s\u00e5 att en enhet kan anslutas till en laddningsk\u00e4lla eller f\u00e5 data extraherad; <a href=\"https:\/\/mosequipment.com\/pages\/contact-us\" target=\"_blank\" rel=\"noopener\">kontakta oss<\/a> f\u00f6r en anpassad offert.<\/p>\n<\/div>\n<\/div>\n<\/div>\n<\/div>\n<\/div>\n<div id=\"s-b8613400-ed81-4bce-8613-a6cb99a0d66f\" class=\"shg-c \">\n<div class=\"shg-row\" data-col-grid-mode-on=\"\">\n<div class=\"shg-c-lg-6 shg-c-md-6 shg-c-sm-6 shg-c-xs-12\">\n<div id=\"s-46a60a35-5c99-4bc8-8fc1-8933beb3ea0c\" class=\"shg-c shogun-image-container shg-align-center\"><img decoding=\"async\" class=\"shogun-image \" src=\"https:\/\/i.shgcdn.com\/82a6384d-fd9e-4eb6-9f81-0ed12d2fded2\/-\/format\/auto\/-\/preview\/3000x3000\/-\/quality\/lighter\/\" alt=\"NeoLok\u2122 magnetisk rullf\u00f6rslutning f\u00f6r enkel \u00e5tkomst och s\u00e4ker rf-f\u00f6rsegling\" width=\"\" height=\"\"><\/div>\n<div id=\"s-98ddf324-4ba9-4962-bbdf-a0424579d05d\" class=\"shg-c \">\n<div class=\"shg-rich-text shg-theme-text-content\">\n<p>Den starka NeoLok\u2122 neodymium-magnetf\u00f6rseglingen h\u00e5ller rullen st\u00e4ngd.<\/p>\n<\/div>\n<\/div>\n<\/div>\n<div class=\"shg-c-lg-6 shg-c-md-6 shg-c-sm-6 shg-c-xs-12\">\n<div id=\"s-fd6691da-b866-4d91-b54c-e1d0c9274846\" class=\"shg-c shogun-image-container shg-align-center\"><img decoding=\"async\" class=\"shogun-image \" src=\"https:\/\/i.shgcdn.com\/f0471408-dc79-4b0b-addd-e84a898f2378\/-\/format\/auto\/-\/preview\/3000x3000\/-\/quality\/lighter\/\" alt=\"universal size faraday bag fits all laptop models\" width=\"\" height=\"\"><\/div>\n<div id=\"s-bbe76ccf-da29-496b-ad72-5c47bc78bb6b\" class=\"shg-c \">\n<div class=\"shg-rich-text shg-theme-text-content\">\n<p>The universal size fits most laptop models.<\/p>\n<\/div>\n<\/div>\n<\/div>\n<\/div>\n<\/div>\n","protected":false},"excerpt":{"rendered":"<p><span data-lucid-type=\"application\/vnd.lucid.text\" data-lucid-content=\"{\"t\":\"Malicious vehicle entry using keyfob signal boosting methods is the leading threat in the automotive community. The Mission Darkness Keyfob Shield is a high quality faraday bag designed to keep vehicles secure. \",\"m\":[{\"s\":0,\"n\":\"a\",\"v\":\"justified\"},{\"s\":0,\"n\":\"c\",\"v\":\"#e5e5e5ff\",\"e\":211},{\"s\":0,\"n\":\"s\",\"v\":10,\"e\":211},{\"s\":0,\"n\":\"fc\",\"v\":\"Regular\",\"e\":211},{\"s\":0,\"n\":\"fid\",\"v\":2632,\"e\":211}]}\">The Mission Darkness Dry Shield Faraday Laptop Sleeve completely blocks all wireless signals and keeps laptops and similar size electronic devices shielded to prevent hacking, tracking, spying, and chain of custody corruption.<\/span><\/p>\n","protected":false},"featured_media":29524,"template":"","meta":[],"product_brand":[63],"product_cat":[830,1078],"product_tag":[1194,998,884,914,885,1130,901],"berocket_brand":[],"class_list":{"0":"post-30314","1":"product","2":"type-product","3":"status-publish","4":"has-post-thumbnail","6":"product_brand-themissiondarkness","7":"product_cat-faraday-mission-darkness","8":"product_cat-faradayvaskor-ipad-datorer","9":"product_tag-avskarmning-sv","10":"product_tag-faraday-bag-sv","11":"product_tag-faraday-vaska-sv","12":"product_tag-informationssakerhet-sv","13":"product_tag-sakerhetsfodral-sv","14":"product_tag-torr-skold","15":"product_tag-uppdrag-morker","17":"first","18":"instock","19":"featured","20":"taxable","21":"shipping-taxable","22":"purchasable","23":"product-type-simple"},"_links":{"self":[{"href":"https:\/\/cryptsec.se\/sv\/wp-json\/wp\/v2\/product\/30314","targetHints":{"allow":["GET"]}}],"collection":[{"href":"https:\/\/cryptsec.se\/sv\/wp-json\/wp\/v2\/product"}],"about":[{"href":"https:\/\/cryptsec.se\/sv\/wp-json\/wp\/v2\/types\/product"}],"wp:featuredmedia":[{"embeddable":true,"href":"https:\/\/cryptsec.se\/sv\/wp-json\/wp\/v2\/media\/29524"}],"wp:attachment":[{"href":"https:\/\/cryptsec.se\/sv\/wp-json\/wp\/v2\/media?parent=30314"}],"wp:term":[{"taxonomy":"product_brand","embeddable":true,"href":"https:\/\/cryptsec.se\/sv\/wp-json\/wp\/v2\/product_brand?post=30314"},{"taxonomy":"product_cat","embeddable":true,"href":"https:\/\/cryptsec.se\/sv\/wp-json\/wp\/v2\/product_cat?post=30314"},{"taxonomy":"product_tag","embeddable":true,"href":"https:\/\/cryptsec.se\/sv\/wp-json\/wp\/v2\/product_tag?post=30314"},{"taxonomy":"berocket_brand","embeddable":true,"href":"https:\/\/cryptsec.se\/sv\/wp-json\/wp\/v2\/berocket_brand?post=30314"}],"curies":[{"name":"wp","href":"https:\/\/api.w.org\/{rel}","templated":true}]}}