{"id":30315,"date":"2024-11-05T23:34:25","date_gmt":"2024-11-05T22:34:25","guid":{"rendered":"https:\/\/cryptsec.se\/product\/gl-mt2500-brume-2\/"},"modified":"2025-05-02T19:24:12","modified_gmt":"2025-05-02T17:24:12","slug":"gl-mt2500-brume-2","status":"publish","type":"product","link":"https:\/\/cryptsec.se\/sv\/product\/gl-mt2500-brume-2\/","title":{"rendered":"GL-MT2500 \/ Brume 2"},"content":{"rendered":"<h2 class=\"font-weight-bold text-left\">Kraftfull VPN-gateway f\u00f6r hemmakontor och distansarbete<\/h2>\n<p>Brume 2 (GL-MT2500\/GL-MT2500A) \u00e4r en l\u00e4ttviktig och kraftfull VPN-gateway som k\u00f6rs p\u00e5 operativsystemet OpenWrt v21.02. Den \u00e4r kompakt utformad f\u00f6r att vara v\u00e4rd f\u00f6r en VPN-server hemma eller k\u00f6ra SD-WAN (Site-to-Site) f\u00f6r sm\u00e5 och medelstora f\u00f6retag.<\/p>\n<hr \/>\n<div>St\u00f6djer<span class=\"txt-lg text-mt2500\"> VPN-kaskadkoppling<\/span><br \/>\nVPN-hastighet p\u00e5 <span class=\"txt-lg text-mt2500\">150 Mbps<\/span> (OpenVPN) &amp; <span class=\"txt-lg text-mt2500\">355 Mbps<\/span> (WireGuard\u00ae)<br \/>\nPerfekt f\u00f6r <span class=\"txt-lg text-mt2500\">hosting av VPN-server<\/span><\/div>\n<div><\/div>\n<div>\n<h2 class=\"font-weight-bold\">VPN-kaskad p\u00e5 Brume 2<\/h2>\n<p>Denna router med vpn \u00e4r f\u00f6rinstallerad med OpenVPN och WireGuard\u00ae, den st\u00f6der k\u00f6rning av VPN-server och klient samtidigt i samma enhet, vilket g\u00f6r det m\u00f6jligt f\u00f6r anv\u00e4ndare att fj\u00e4rr\u00e5tkomst till lokala n\u00e4tverksresurser som Wi-Fi-skrivare eller lokala webbservrar, och \u00e5tkomst till det offentliga internet som en VPN-klient samtidigt.<\/p>\n<\/div>\n<p><img fetchpriority=\"high\" decoding=\"async\" class=\"aligncenter wp-image-28167 size-full\" src=\"https:\/\/cryptsec.se\/wp-content\/uploads\/2024\/11\/Skarmavbild-2024-11-05-kl.-23.30.59.png\" alt=\"\" width=\"2212\" height=\"876\" srcset=\"https:\/\/cryptsec.se\/wp-content\/uploads\/2024\/11\/Skarmavbild-2024-11-05-kl.-23.30.59.png 2212w, https:\/\/cryptsec.se\/wp-content\/uploads\/2024\/11\/Skarmavbild-2024-11-05-kl.-23.30.59-300x119.png 300w, https:\/\/cryptsec.se\/wp-content\/uploads\/2024\/11\/Skarmavbild-2024-11-05-kl.-23.30.59-1024x406.png 1024w, https:\/\/cryptsec.se\/wp-content\/uploads\/2024\/11\/Skarmavbild-2024-11-05-kl.-23.30.59-768x304.png 768w, https:\/\/cryptsec.se\/wp-content\/uploads\/2024\/11\/Skarmavbild-2024-11-05-kl.-23.30.59-1536x608.png 1536w, https:\/\/cryptsec.se\/wp-content\/uploads\/2024\/11\/Skarmavbild-2024-11-05-kl.-23.30.59-2048x811.png 2048w, https:\/\/cryptsec.se\/wp-content\/uploads\/2024\/11\/Skarmavbild-2024-11-05-kl.-23.30.59-680x269.png 680w\" sizes=\"(max-width: 2212px) 100vw, 2212px\" \/><\/p>\n<p><strong><sub>30+ VPN-TJ\u00c4NSTELEVERANT\u00d6RER F\u00d6R DITT VAL<\/sub><\/strong><\/p>\n<h2 class=\"font-weight-bold text-left\">Snabb och s\u00e4ker surfning med OpenVPN och WireGuard<\/h2>\n<p>Brume 2 levereras med en VPN-l\u00f6sning baserad p\u00e5 \u00f6ppen k\u00e4llkod, anv\u00e4ndare kan v\u00e4lja mellan <a href=\"https:\/\/www.gl-inet.com\/solutions\/vpn\/\" target=\"_blank\" rel=\"noopener\">30+ VPN-tj\u00e4nsteleverant\u00f6rer<\/a> f\u00f6r att optimera sin n\u00e4tverksupplevelse. Den omdirigerar automatiskt all n\u00e4tverkstrafik inom det anslutna n\u00e4tverket till din VPN-tj\u00e4nst eller server, inklusive g\u00e4stenheter och klientenheter som inte kan k\u00f6ra VPN.<\/p>\n<h2 class=\"font-weight-bold text-left\">Hosta din egen VPN-server och -klient hemma eller p\u00e5 kontoret<\/h2>\n<p>Brume 2 har snabb VPN-hastighet som g\u00f6r att du kan komma \u00e5t ditt hemn\u00e4tverk hemifr\u00e5n p\u00e5 ett s\u00e4kert och enkelt s\u00e4tt. Den \u00e4r utrustad med en USB 3.0-port f\u00f6r att ge en betydande f\u00f6rb\u00e4ttring av data\u00f6verf\u00f6ringshastigheten och ge dig flexibiliteten att uppgradera serverlagringen n\u00e4r du vill.<\/p>\n<h2 class=\"font-weight-bold\">K\u00f6rs p\u00e5 OpenWrt 21.02 Operativsystem<\/h2>\n<p>Brume 2 k\u00f6rs p\u00e5 OpenWrt-firmware med \u00f6ppen k\u00e4llkod och st\u00f6d f\u00f6r tusentals f\u00e4rdiga plugins f\u00f6r anpassning. Det \u00e4r bara att bl\u00e4ddra bland, hantera och uppdatera paket i routerns adminpanel.<\/p>\n<h2 class=\"font-weight-bold\">F\u00e5 ig\u00e5ng ditt 5G-n\u00e4tverk<\/h2>\n<p>Anv\u00e4nd Brume 2 tillsammans med GL-M2 Development Board som \u00e4r utformat f\u00f6r att ansluta dig till ett 5G-n\u00e4tverk och ge dig det internet du f\u00f6rtj\u00e4nar. Med en inbyggd SIM-kortplats fungerar GL-M2 Development Board som ett 5G-modem f\u00f6r din router f\u00f6r att f\u00e5 ig\u00e5ng ditt internet, oavsett om du bor i ett avl\u00e4gset omr\u00e5de utan internet\u00e5tkomst eller \u00e4r p\u00e5 resande fot. \u00c4nnu b\u00e4ttre \u00e4r att GL-M2 Development Board har multi-WAN, st\u00f6d f\u00f6r failover och lastbalansering f\u00f6r att h\u00e5lla dig ansluten hela tiden.<\/p>\n<h2 class=\"font-weight-bold\">Otroligt l\u00e4tt och stilren design<\/h2>\n<p>Brume 2 finns i tv\u00e5 versioner: ett frostat metaboliskt fodral och ett l\u00e4ttviktigt plastfodral av ABS-plast.<\/p>\n<p>&nbsp;<\/p>\n<p><img decoding=\"async\" class=\"aligncenter wp-image-28169 size-full\" src=\"https:\/\/cryptsec.se\/wp-content\/uploads\/2024\/11\/Skarmavbild-2024-11-05-kl.-23.32.46.png\" alt=\"\" width=\"2604\" height=\"632\" srcset=\"https:\/\/cryptsec.se\/wp-content\/uploads\/2024\/11\/Skarmavbild-2024-11-05-kl.-23.32.46.png 2560w, https:\/\/cryptsec.se\/wp-content\/uploads\/2024\/11\/Skarmavbild-2024-11-05-kl.-23.32.46-300x73.png 300w, https:\/\/cryptsec.se\/wp-content\/uploads\/2024\/11\/Skarmavbild-2024-11-05-kl.-23.32.46-1024x249.png 1024w, https:\/\/cryptsec.se\/wp-content\/uploads\/2024\/11\/Skarmavbild-2024-11-05-kl.-23.32.46-768x186.png 768w, https:\/\/cryptsec.se\/wp-content\/uploads\/2024\/11\/Skarmavbild-2024-11-05-kl.-23.32.46-1536x373.png 1536w, https:\/\/cryptsec.se\/wp-content\/uploads\/2024\/11\/Skarmavbild-2024-11-05-kl.-23.32.46-2048x497.png 2048w, https:\/\/cryptsec.se\/wp-content\/uploads\/2024\/11\/Skarmavbild-2024-11-05-kl.-23.32.46-680x165.png 680w\" sizes=\"(max-width: 2604px) 100vw, 2604px\" \/><\/p>\n<p>&nbsp;<\/p>\n<p>&nbsp;<\/p>\n","protected":false},"excerpt":{"rendered":"<h2 class=\"font-weight-bold text-left\">Kraftfull VPN-gateway f\u00f6r hemmakontor och distansarbete<\/h2>\n<p>Brume 2 (GL-MT2500\/GL-MT2500A) \u00e4r en l\u00e4ttviktig och kraftfull VPN-gateway som k\u00f6rs p\u00e5 operativsystemet OpenWrt v21.02. Den \u00e4r kompakt utformad f\u00f6r att vara v\u00e4rd f\u00f6r en VPN-server hemma eller k\u00f6ra SD-WAN (Site-to-Site) f\u00f6r sm\u00e5 och medelstora f\u00f6retag.<\/p>\n<hr \/>\n<div>St\u00f6djer<span class=\"txt-lg text-mt2500\"> VPN-kaskadkoppling<\/span><br \/>\nVPN-hastighet p\u00e5 <span class=\"txt-lg text-mt2500\">150 Mbps<\/span> (OpenVPN) &amp; <span class=\"txt-lg text-mt2500\">355 Mbps<\/span> (WireGuard\u00ae)<br \/>\nPerfekt f\u00f6r <span class=\"txt-lg text-mt2500\">hosting av VPN-server<\/span><\/div>\n","protected":false},"featured_media":28172,"template":"","meta":[],"product_brand":[],"product_cat":[862,864],"product_tag":[1114,889,902,907,1111,903,1112,1113],"berocket_brand":[],"class_list":{"0":"post-30315","1":"product","2":"type-product","3":"status-publish","4":"has-post-thumbnail","6":"product_cat-krypterad-internet","7":"product_cat-natverkssakerhet","8":"product_tag-cybersakerhet-sv","9":"product_tag-krypterad-kommunikation","10":"product_tag-kryptering-sv","11":"product_tag-natverkssakerhet","12":"product_tag-sakerhet-pa-internet","13":"product_tag-vpn-sv","14":"product_tag-vpn-router-sv","15":"product_tag-vpn-sakerhet","17":"first","18":"instock","19":"taxable","20":"shipping-taxable","21":"purchasable","22":"product-type-variable","23":"has-default-attributes"},"_links":{"self":[{"href":"https:\/\/cryptsec.se\/sv\/wp-json\/wp\/v2\/product\/30315","targetHints":{"allow":["GET"]}}],"collection":[{"href":"https:\/\/cryptsec.se\/sv\/wp-json\/wp\/v2\/product"}],"about":[{"href":"https:\/\/cryptsec.se\/sv\/wp-json\/wp\/v2\/types\/product"}],"wp:featuredmedia":[{"embeddable":true,"href":"https:\/\/cryptsec.se\/sv\/wp-json\/wp\/v2\/media\/28172"}],"wp:attachment":[{"href":"https:\/\/cryptsec.se\/sv\/wp-json\/wp\/v2\/media?parent=30315"}],"wp:term":[{"taxonomy":"product_brand","embeddable":true,"href":"https:\/\/cryptsec.se\/sv\/wp-json\/wp\/v2\/product_brand?post=30315"},{"taxonomy":"product_cat","embeddable":true,"href":"https:\/\/cryptsec.se\/sv\/wp-json\/wp\/v2\/product_cat?post=30315"},{"taxonomy":"product_tag","embeddable":true,"href":"https:\/\/cryptsec.se\/sv\/wp-json\/wp\/v2\/product_tag?post=30315"},{"taxonomy":"berocket_brand","embeddable":true,"href":"https:\/\/cryptsec.se\/sv\/wp-json\/wp\/v2\/berocket_brand?post=30315"}],"curies":[{"name":"wp","href":"https:\/\/api.w.org\/{rel}","templated":true}]}}