{"id":30320,"date":"2025-01-21T09:04:17","date_gmt":"2025-01-21T08:04:17","guid":{"rendered":"https:\/\/cryptsec.se\/product\/raksa-121-lte-detektor\/"},"modified":"2025-01-21T09:04:17","modified_gmt":"2025-01-21T08:04:17","slug":"raksa-121-lte-detektor","status":"publish","type":"product","link":"https:\/\/cryptsec.se\/sv\/product\/raksa-121-lte-detektor\/","title":{"rendered":"RAKSA-121 LTE-detektor"},"content":{"rendered":"<p><strong>FLERA TILL\u00c4MPNINGAR  <\/strong><\/p>\n<p>Raksa-121 LTE uppt\u00e4cker alla typer av \u00f6vervakningsenheter. Den hittar effektivt analoga och kvartsavlyssningar, digitala s\u00e4ndarenheter, hybridbuggar, GSM och telefoner. Den lokaliserar ocks\u00e5 tr\u00e5dl\u00f6sa kameror och GPS-s\u00e4ndare. \u00c5tg\u00e4rderna underl\u00e4ttas av ljud- och ljussignaler &#8211; ju n\u00e4rmare du kommer k\u00e4llan, desto mer blinkar LED-lampan\/\u00f6kar signalniv\u00e5n.   <\/p>\n<p><strong>4 DRIFTL\u00c4GEN OCH H\u00c4NDELSELOGG  <\/strong><\/p>\n<p>GPS-detektorn arbetar i flera l\u00e4gen: den uppt\u00e4cker och lokaliserar s\u00e4ndare p\u00e5 beg\u00e4ran eller \u00f6vervakar kontinuerligt radiosignaler i omgivningen, samtidigt som den ignorerar sm\u00e5 variationer i bakgrundsljudet. Alla poster fr\u00e5n Guard-l\u00e4get visas i h\u00e4ndelseloggen. Den rymmer maximalt 200 poster, oberoende av enhetens aktivitet.  <\/p>\n<p><strong>BRETT DETEKTERINGSOMR\u00c5DE  <\/strong><\/p>\n<p>M\u00e5ls\u00f6kningshastigheten s\u00e4kerst\u00e4lls genom enhetens digitala drift med ett frekvensomr\u00e5de p\u00e5 upp till 3,8 GHz. Raksa-121 LTE st\u00f6der ocks\u00e5 4G- och LTE-anslutning, vilket g\u00f6r det m\u00f6jligt att uppt\u00e4cka den senaste typen av s\u00e4ndare. Samtidigt g\u00f6r anv\u00e4ndningen av Wi-Fi och Bluetooth-teknik det m\u00f6jligt att lokalisera \u00e4ldre avlyssnare och kameror.  <\/p>\n<p><strong>UPPT\u00c4CKER FLERA AVLYSSNARE SAMTIDIGT  <\/strong><\/p>\n<p>Dessutom kan Raksa-121 LTE arbeta i ett s\u00e4rskilt &#8220;Monitoring&#8221;-l\u00e4ge, vilket ger den m\u00f6jlighet att effektivt rikta in sig p\u00e5 GPS-s\u00e4ndare som s\u00e4nder live. Enheten fastst\u00e4ller signalstyrkan exakt i procent och decibel. Detektorn \u00e4r flerkanalig och visar hela listan \u00f6ver hittade enheter samtidigt. En s\u00e5dan funktion \u00e4r praktisk i situationer d\u00e4r det finns utrustning i n\u00e4rheten som inte kan st\u00e4ngas av. Dessutom kan anv\u00e4ndaren spara alla s\u00e4ndare som hittas i minnet.    <\/p>\n<p><strong>L\u00c5NG DRIFTSTID  <\/strong><\/p>\n<p>Med Raksa-121 LTE \u00e4r det m\u00f6jligt att g\u00f6ra en effektiv analys p\u00e5 10 meters avst\u00e5nd. Tack vare det inbyggda uppladdningsbara batteriet kan enheten anv\u00e4ndas i upp till 14 timmar med ett enda batteri. Du laddar det med hj\u00e4lp av DC-str\u00f6mkontakten. Denna process tar mellan 4 och 5 timmar.   <\/p>\n<p><strong>L\u00c4TT ATT ANV\u00c4NDA  <\/strong><\/p>\n<p>Det \u00e4r mycket enkelt att anv\u00e4nda detektorn fr\u00e5n iDet tack vare det intuitiva gr\u00e4nssnittet. Alla meddelanden \u00e4r mycket l\u00e4tta att f\u00f6rst\u00e5 och l\u00e4sa. Detta m\u00f6jligg\u00f6rs av den ljusa och tydliga OLED-displayen. Enheten \u00e4r liten och l\u00e4tt, vilket g\u00f6r den extremt portabel. Den ger full professionalism, funktionalitet och noggrannhet hos dyrare detektorer.    <\/p>\n","protected":false},"excerpt":{"rendered":"<p>Detektor f\u00f6r GPS-sp\u00e5rare, avlyssningsutrustning och dolda kameror<\/p>\n<ul>\n<li>Brett frekvensomr\u00e5de: 40 MHz &#8211; 3,8 GHz<\/li>\n<li>Kontinuerlig \u00f6vervakning av radiosignaler<\/li>\n<li>Detektering och lokalisering av s\u00e4ndare<\/li>\n<li>Arbetsomr\u00e5de fr\u00e5n 10 m<\/li>\n<li>Upp till 14 timmars drift<\/li>\n<\/ul>\n","protected":false},"featured_media":26515,"template":"","meta":[],"product_brand":[],"product_cat":[1079,1156,1081,846],"product_tag":[1139,1196,969,1195,1176,926,879],"berocket_brand":[1259],"class_list":{"0":"post-30320","1":"product","2":"type-product","3":"status-publish","4":"has-post-thumbnail","6":"product_cat-aktivitetsmatare","7":"product_cat-eagle-sv","8":"product_cat-spektrumanalysator","9":"product_cat-tsu","10":"product_tag-aktivitetsmonitor","11":"product_tag-gps-detektor","12":"product_tag-insektsdetektor","13":"product_tag-raksa-121-sv","14":"product_tag-raksa-idet-sv","15":"product_tag-spektrumanalysator-sv","16":"product_tag-tscm-sv","17":"berocket_brand-cryptsec-sv","19":"first","20":"instock","21":"taxable","22":"shipping-taxable","23":"purchasable","24":"product-type-simple"},"_links":{"self":[{"href":"https:\/\/cryptsec.se\/sv\/wp-json\/wp\/v2\/product\/30320","targetHints":{"allow":["GET"]}}],"collection":[{"href":"https:\/\/cryptsec.se\/sv\/wp-json\/wp\/v2\/product"}],"about":[{"href":"https:\/\/cryptsec.se\/sv\/wp-json\/wp\/v2\/types\/product"}],"wp:featuredmedia":[{"embeddable":true,"href":"https:\/\/cryptsec.se\/sv\/wp-json\/wp\/v2\/media\/26515"}],"wp:attachment":[{"href":"https:\/\/cryptsec.se\/sv\/wp-json\/wp\/v2\/media?parent=30320"}],"wp:term":[{"taxonomy":"product_brand","embeddable":true,"href":"https:\/\/cryptsec.se\/sv\/wp-json\/wp\/v2\/product_brand?post=30320"},{"taxonomy":"product_cat","embeddable":true,"href":"https:\/\/cryptsec.se\/sv\/wp-json\/wp\/v2\/product_cat?post=30320"},{"taxonomy":"product_tag","embeddable":true,"href":"https:\/\/cryptsec.se\/sv\/wp-json\/wp\/v2\/product_tag?post=30320"},{"taxonomy":"berocket_brand","embeddable":true,"href":"https:\/\/cryptsec.se\/sv\/wp-json\/wp\/v2\/berocket_brand?post=30320"}],"curies":[{"name":"wp","href":"https:\/\/api.w.org\/{rel}","templated":true}]}}