{"id":30321,"date":"2025-01-23T09:18:13","date_gmt":"2025-01-23T08:18:13","guid":{"rendered":"https:\/\/cryptsec.se\/product\/mission-darkness-odin-guard-faraday-ryggsack\/"},"modified":"2025-01-23T09:18:13","modified_gmt":"2025-01-23T08:18:13","slug":"mission-darkness-odin-guard-faraday-ryggsack","status":"publish","type":"product","link":"https:\/\/cryptsec.se\/sv\/product\/mission-darkness-odin-guard-faraday-ryggsack\/","title":{"rendered":"Mission Darkness\u2122 Odin Guard Faraday Ryggs\u00e4ck"},"content":{"rendered":"<div id=\"s-af72db2b-2e42-405e-b73b-5ac7d2e98460\" class=\"shg-c \">\n<div class=\"shg-rich-text shg-theme-text-content\">\n<p><span data-fontfamily=\"Coda\"><strong>Odin Guard Faraday Ryggs\u00e4ck<\/strong><br \/>\n<\/span><\/p>\n<\/div>\n<\/div>\n<div id=\"s-38c24035-d570-4d22-8828-ac9e765dc3b7\" class=\"shg-c \">\n<div class=\"shg-rich-text shg-theme-text-content\">\n<p><span data-fontfamily=\"Coda\">Taktisk och modul\u00e4r packning utrustad med 3 avtagbara Faraday-sleeves<\/span><\/p>\n<\/div>\n<\/div>\n<div id=\"s-87652eb6-5818-41e4-8b26-387e20768f7a\" class=\"shg-c \">\n<div class=\"shg-rich-text shg-theme-text-content\">\n<p>Mission Darkness\u2122 Odin Guard Faraday Backpack ger omfattande signalblockeringsfunktioner med sina tre avtagbara Valkyrie Faraday Sleeves, utformade f\u00f6r att passa en telefon, surfplatta och b\u00e4rbar dator. Dessa vattent\u00e4ta faraday sleeves blockerar effektivt radiofrekvenssignaler, vilket s\u00e4kerst\u00e4ller att enheterna inuti \u00e4r skyddade fr\u00e5n hackning, sp\u00e5rning och tr\u00e5dl\u00f6sa hot. Med separata skyddade fack f\u00f6rblir det huvudsakliga interna f\u00f6rvaringsutrymmet och tillbeh\u00f6rsfacken l\u00e4ttillg\u00e4ngliga, medan enheter i faradayfodralen h\u00e5lls s\u00e4kert isolerade fr\u00e5n externa signaler. Ryggs\u00e4cken har en taktisk design med MOLLE-band f\u00f6r modul\u00e4r expansion, vilket g\u00f6r att ytterligare p\u00e5sar eller utrustning kan f\u00e4stas. Flera fack och tillbeh\u00f6rsfickor ger organiserad f\u00f6rvaring av utrustning och viktiga saker. Ryggs\u00e4cken \u00e4r konstruerad f\u00f6r h\u00e5llbarhet och komfort och har vadderade axelremmar, ett st\u00f6djande midjeband och FIDLOCK-sp\u00e4nnen f\u00f6r s\u00e4ker och effektiv \u00e5tkomst. Ett dolt regnskydd ger extra v\u00e4derskydd och h\u00e5ller inneh\u00e5llet torrt under sv\u00e5ra f\u00f6rh\u00e5llanden. Anslutningssystemet f\u00f6r Valkyrie Faraday Sleeves g\u00f6r det enkelt att byta ut enheter samtidigt som de beh\u00e5ller sin avsk\u00e4rmning. Odin Guard \u00e4r utformad f\u00f6r kr\u00e4vande milj\u00f6er och erbjuder en kombination av avancerad funktionalitet, s\u00e4ker f\u00f6rvaring och uppdragsberedd prestanda.  <\/p>\n<\/div>\n<\/div>\n<div id=\"s-5edbe38d-76f0-44ec-8351-8f23d8b29005\" class=\"shg-c \">\n<div class=\"shg-row\" data-col-grid-mode-on=\"\">\n<div class=\"shg-c-lg-6 shg-c-md-6 shg-c-sm-6 shg-c-xs-12\">\n<div id=\"s-2bd36467-09ab-44d1-af2a-a338c87f262a-root\">\n<div id=\"wrap-s-2bd36467-09ab-44d1-af2a-a338c87f262a\" class=\"shg-image-margin-container-s-2bd36467-09ab-44d1-af2a-a338c87f262a\">\n<div class=\"s-2bd36467-09ab-44d1-af2a-a338c87f262a shg-align-container\">\n<div id=\"s-2bd36467-09ab-44d1-af2a-a338c87f262a\" class=\"shg-c s-2bd36467-09ab-44d1-af2a-a338c87f262a shogun-image-container shg-align-center\">\n<div class=\"shg-image-content-wrapper\"><img fetchpriority=\"high\" decoding=\"async\" class=\"shogun-image \" src=\"https:\/\/i.shgcdn.com\/297cb31e-6227-4c36-8c1b-03f6f20a42c3\/\" alt=\"Mission Darkness Odin Guard Faraday Ryggs\u00e4ck Fack som \u00f6ppnas och visar sig\" width=\"260\" height=\"260\"><img decoding=\"async\" class=\"shogun-image \" src=\"https:\/\/i.shgcdn.com\/ac9cdb4f-0258-43dd-9ffc-1a5898366fc9\/\" sizes=\"100vw\" srcset=\"https:\/\/i.shgcdn.com\/ac9cdb4f-0258-43dd-9ffc-1a5898366fc9\/-\/resize\/180x\/ 180w,https:\/\/i.shgcdn.com\/ac9cdb4f-0258-43dd-9ffc-1a5898366fc9\/-\/resize\/360x\/ 360w,https:\/\/i.shgcdn.com\/ac9cdb4f-0258-43dd-9ffc-1a5898366fc9\/-\/resize\/720x\/ 720w,https:\/\/i.shgcdn.com\/ac9cdb4f-0258-43dd-9ffc-1a5898366fc9\/-\/resize\/900x\/ 900w,https:\/\/i.shgcdn.com\/ac9cdb4f-0258-43dd-9ffc-1a5898366fc9\/-\/resize\/1080x\/ 1080w,https:\/\/i.shgcdn.com\/ac9cdb4f-0258-43dd-9ffc-1a5898366fc9\/-\/resize\/1200x\/ 1200w\" alt=\"Mission Darkness Odin Guard Faraday Ryggs\u00e4ck framsida\" width=\"250\" height=\"250\"><img decoding=\"async\" class=\"shogun-image \" src=\"https:\/\/i.shgcdn.com\/3dcc7a30-5265-49bc-8d2f-ccbec49bc607\/\" sizes=\"100vw\" srcset=\"https:\/\/i.shgcdn.com\/3dcc7a30-5265-49bc-8d2f-ccbec49bc607\/-\/resize\/180x\/ 180w,https:\/\/i.shgcdn.com\/3dcc7a30-5265-49bc-8d2f-ccbec49bc607\/-\/resize\/360x\/ 360w,https:\/\/i.shgcdn.com\/3dcc7a30-5265-49bc-8d2f-ccbec49bc607\/-\/resize\/720x\/ 720w,https:\/\/i.shgcdn.com\/3dcc7a30-5265-49bc-8d2f-ccbec49bc607\/-\/resize\/900x\/ 900w,https:\/\/i.shgcdn.com\/3dcc7a30-5265-49bc-8d2f-ccbec49bc607\/-\/resize\/1080x\/ 1080w,https:\/\/i.shgcdn.com\/3dcc7a30-5265-49bc-8d2f-ccbec49bc607\/-\/resize\/1200x\/ 1200w\" alt=\"Mission Darkness Odin Guard Faraday Ryggs\u00e4ck Ryggsida Vadderade andningsbara remmar\" width=\"250\" height=\"250\"><\/div>\n<\/div>\n<\/div>\n<\/div>\n<\/div>\n<\/div>\n<\/div>\n<\/div>\n<div id=\"s-e1d668ef-a239-4410-bc22-4eaf5eb0e515\" class=\"shg-c \">\n<div class=\"shg-row\" data-col-grid-mode-on=\"\">\n<div class=\"shg-c-lg-6 shg-c-md-6 shg-c-sm-6 shg-c-xs-12\">\n<div id=\"s-3a0f5639-bfa2-48e7-b7f3-5f0aca3e5de1-root\">\n<div id=\"wrap-s-3a0f5639-bfa2-48e7-b7f3-5f0aca3e5de1\" class=\"shg-image-margin-container-s-3a0f5639-bfa2-48e7-b7f3-5f0aca3e5de1\">\n<div class=\"s-3a0f5639-bfa2-48e7-b7f3-5f0aca3e5de1 shg-align-container\">\n<div id=\"s-3a0f5639-bfa2-48e7-b7f3-5f0aca3e5de1\" class=\"shg-c s-3a0f5639-bfa2-48e7-b7f3-5f0aca3e5de1 shogun-image-container shg-align-center\">\n<div class=\"shg-image-content-wrapper\"><img loading=\"lazy\" decoding=\"async\" class=\"shogun-image \" src=\"https:\/\/i.shgcdn.com\/3ee855ce-ae1b-491f-b62a-c74af548e29b\/\" sizes=\"100vw\" srcset=\"https:\/\/i.shgcdn.com\/3ee855ce-ae1b-491f-b62a-c74af548e29b\/-\/resize\/180x\/ 180w,https:\/\/i.shgcdn.com\/3ee855ce-ae1b-491f-b62a-c74af548e29b\/-\/resize\/360x\/ 360w,https:\/\/i.shgcdn.com\/3ee855ce-ae1b-491f-b62a-c74af548e29b\/-\/resize\/720x\/ 720w,https:\/\/i.shgcdn.com\/3ee855ce-ae1b-491f-b62a-c74af548e29b\/-\/resize\/900x\/ 900w,https:\/\/i.shgcdn.com\/3ee855ce-ae1b-491f-b62a-c74af548e29b\/-\/resize\/1080x\/ 1080w,https:\/\/i.shgcdn.com\/3ee855ce-ae1b-491f-b62a-c74af548e29b\/-\/resize\/1200x\/ 1200w\" alt=\"Mission Darkness Odin Guard Faraday Ryggs\u00e4ck inv\u00e4ndig MOLLE-avskiljare\" width=\"250\" height=\"250\"><\/div>\n<div><\/div>\n<\/div>\n<\/div>\n<\/div>\n<\/div>\n<\/div>\n<\/div>\n<\/div>\n","protected":false},"excerpt":{"rendered":"<div id=\"s-af72db2b-2e42-405e-b73b-5ac7d2e98460\" class=\"shg-c \">\n<div class=\"shg-rich-text shg-theme-text-content\">\n<p><span data-fontfamily=\"Coda\"><strong>Odin Guard Faraday Ryggs\u00e4ck<\/strong><br \/>\n<\/span><\/p>\n<\/div>\n<\/div>\n<div id=\"s-38c24035-d570-4d22-8828-ac9e765dc3b7\" class=\"shg-c \">\n<div class=\"shg-rich-text shg-theme-text-content\">\n<p><span data-fontfamily=\"Coda\">Taktisk och modul\u00e4r packning utrustad med 3 avtagbara Faraday-sleeves<\/span><\/p>\n<\/div>\n<\/div>\n","protected":false},"featured_media":30266,"template":"","meta":[],"product_brand":[],"product_cat":[830,1078,1077],"product_tag":[1134,1117,998,1121,833,884,914,885,882],"berocket_brand":[],"class_list":{"0":"post-30321","1":"product","2":"type-product","3":"status-publish","4":"has-post-thumbnail","6":"product_cat-faraday-mission-darkness","7":"product_cat-faradayvaskor-ipad-datorer","8":"product_cat-storre-faraday-vaskor","9":"product_tag-datasakerhet-sv-2","10":"product_tag-faraday-sv","11":"product_tag-faraday-bag-sv","12":"product_tag-faraday-skydd-sv","13":"product_tag-faraday-skydd","14":"product_tag-faraday-vaska-sv","15":"product_tag-informationssakerhet-sv","16":"product_tag-sakerhetsfodral-sv","17":"product_tag-sakert-motesrum-sv","19":"first","20":"instock","21":"featured","22":"taxable","23":"shipping-taxable","24":"purchasable","25":"product-type-simple"},"_links":{"self":[{"href":"https:\/\/cryptsec.se\/sv\/wp-json\/wp\/v2\/product\/30321","targetHints":{"allow":["GET"]}}],"collection":[{"href":"https:\/\/cryptsec.se\/sv\/wp-json\/wp\/v2\/product"}],"about":[{"href":"https:\/\/cryptsec.se\/sv\/wp-json\/wp\/v2\/types\/product"}],"wp:featuredmedia":[{"embeddable":true,"href":"https:\/\/cryptsec.se\/sv\/wp-json\/wp\/v2\/media\/30266"}],"wp:attachment":[{"href":"https:\/\/cryptsec.se\/sv\/wp-json\/wp\/v2\/media?parent=30321"}],"wp:term":[{"taxonomy":"product_brand","embeddable":true,"href":"https:\/\/cryptsec.se\/sv\/wp-json\/wp\/v2\/product_brand?post=30321"},{"taxonomy":"product_cat","embeddable":true,"href":"https:\/\/cryptsec.se\/sv\/wp-json\/wp\/v2\/product_cat?post=30321"},{"taxonomy":"product_tag","embeddable":true,"href":"https:\/\/cryptsec.se\/sv\/wp-json\/wp\/v2\/product_tag?post=30321"},{"taxonomy":"berocket_brand","embeddable":true,"href":"https:\/\/cryptsec.se\/sv\/wp-json\/wp\/v2\/berocket_brand?post=30321"}],"curies":[{"name":"wp","href":"https:\/\/api.w.org\/{rel}","templated":true}]}}