{"id":30359,"date":"2025-02-07T11:03:55","date_gmt":"2025-02-07T10:03:55","guid":{"rendered":"https:\/\/cryptsec.se\/?post_type=product&#038;p=30359"},"modified":"2025-08-21T09:09:01","modified_gmt":"2025-08-21T07:09:01","slug":"gl-mt300n-v2-mango","status":"publish","type":"product","link":"https:\/\/cryptsec.se\/sv\/product\/gl-mt300n-v2-mango\/","title":{"rendered":"GL-MT300N-V2 \/ Mango Super Compact VPN Router"},"content":{"rendered":"<h2 class=\"\" data-start=\"112\" data-end=\"146\"><strong data-start=\"115\" data-end=\"146\">GL-MT300N-V2 Router med VPN<\/strong><\/h2>\n<p class=\"\" data-start=\"148\" data-end=\"591\"><strong data-start=\"148\" data-end=\"172\">Mango (GL-MT300N-V2)<\/strong> har uppgraderats med det nya <strong data-start=\"202\" data-end=\"222\">MT7628NN-chippet<\/strong>, vilket f\u00f6rdubblar RAM-minnet fr\u00e5n 64MB till 128MB f\u00f6r smidigare prestanda. F\u00f6rb\u00e4ttrad Wi-Fi-stabilitet tack vare MTK-drivrutinen och snabbare OpenVPN-kryptering h\u00e5ller dig s\u00e4kert uppkopplad. Oavsett om du beh\u00f6ver p\u00e5litlig Wi-Fi p\u00e5 resan eller vill experimentera med de 4 medf\u00f6ljande <strong data-start=\"507\" data-end=\"524\">GPIO-portarna<\/strong> f\u00f6r egna projekt (DIY), \u00e4r Mango utformad f\u00f6r att m\u00f6ta dina behov.<\/p>\n<picture><img decoding=\"async\" class=\"img-fluid\" src=\"https:\/\/static.gl-inet.com\/www\/images\/products\/general\/product-icon\/icon_300mbps.png\" alt=\"Max.300Mbps Wi-Fi Speed\" width=\"163\" height=\"163\" \/><img decoding=\"async\" class=\"img-fluid\" src=\"https:\/\/static.gl-inet.com\/www\/images\/products\/general\/product-icon\/icon_travel-friendly.png\" alt=\"Travel-Friendly\" width=\"163\" height=\"163\" \/><img decoding=\"async\" class=\"img-fluid\" src=\"https:\/\/static.gl-inet.com\/www\/images\/products\/general\/product-icon\/icon_vpn.png\" alt=\"VPN Client\/Server\" width=\"163\" height=\"163\" \/><img loading=\"lazy\" decoding=\"async\" class=\"img-fluid\" src=\"https:\/\/static.gl-inet.com\/www\/images\/products\/general\/product-icon\/icon_dns.png\" alt=\"DNS Encryption\" width=\"163\" height=\"163\" \/><\/picture>\n<h2 class=\"font-weight-bold text-left\">Specifikationer<\/h2>\n<ul>\n<li class=\"\" data-start=\"617\" data-end=\"655\">\n<p class=\"\" data-start=\"619\" data-end=\"655\"><strong data-start=\"619\" data-end=\"643\">Max. Wi-Fi-hastighet<\/strong>: 300 Mbps<\/p>\n<\/li>\n<li class=\"\" data-start=\"656\" data-end=\"699\">\n<p class=\"\" data-start=\"658\" data-end=\"699\"><strong data-start=\"658\" data-end=\"679\">OpenVPN-hastighet<\/strong>: upp till 11 Mbps<\/p>\n<\/li>\n<li class=\"\" data-start=\"700\" data-end=\"746\">\n<p class=\"\" data-start=\"702\" data-end=\"746\"><strong data-start=\"702\" data-end=\"726\">WireGuard\u00ae-hastighet<\/strong>: upp till 45 Mbps<\/p>\n<\/li>\n<li class=\"\" data-start=\"747\" data-end=\"786\">\n<p class=\"\" data-start=\"749\" data-end=\"786\"><strong data-start=\"749\" data-end=\"759\">Design<\/strong>: Portabel och resev\u00e4nlig<\/p>\n<\/li>\n<\/ul>\n<h2 class=\"\" data-start=\"793\" data-end=\"844\"><strong data-start=\"796\" data-end=\"844\">F\u00f6rb\u00e4ttra din integritet online med VPN-st\u00f6d<\/strong><\/h2>\n<p class=\"\" data-start=\"846\" data-end=\"1196\">Mango g\u00e5r l\u00e4ngre \u00e4n enbart inbyggd brandv\u00e4gg och erbjuder avancerade s\u00e4kerhetsfunktioner, inklusive st\u00f6d f\u00f6r <strong data-start=\"955\" data-end=\"966\">OpenVPN<\/strong>, <strong data-start=\"968\" data-end=\"982\">WireGuard\u00ae<\/strong>, samt en <strong data-start=\"992\" data-end=\"1006\">DNS-server<\/strong>. Med st\u00f6d f\u00f6r \u00f6ver 30 VPN-leverant\u00f6rer kan du konfigurera Mango som en <strong data-start=\"1078\" data-end=\"1092\">VPN-server<\/strong> och s\u00e4kerst\u00e4lla privat \u00e5tkomst till dina filer \u2013 precis som om du vore uppkopplad fr\u00e5n ditt hemn\u00e4tverk.<\/p>\n<p><img loading=\"lazy\" decoding=\"async\" class=\"alignnone size-medium wp-image-30437\" src=\"https:\/\/cryptsec.se\/wp-content\/uploads\/2025\/02\/webui4-0_mt300n-v2-300x300.png\" alt=\"\" width=\"300\" height=\"300\" srcset=\"https:\/\/cryptsec.se\/wp-content\/uploads\/2025\/02\/webui4-0_mt300n-v2-300x300.png 300w, https:\/\/cryptsec.se\/wp-content\/uploads\/2025\/02\/webui4-0_mt300n-v2-1024x1024.png 1024w, https:\/\/cryptsec.se\/wp-content\/uploads\/2025\/02\/webui4-0_mt300n-v2-150x150.png 150w, https:\/\/cryptsec.se\/wp-content\/uploads\/2025\/02\/webui4-0_mt300n-v2-768x768.png 768w, https:\/\/cryptsec.se\/wp-content\/uploads\/2025\/02\/webui4-0_mt300n-v2-350x350.png 350w, https:\/\/cryptsec.se\/wp-content\/uploads\/2025\/02\/webui4-0_mt300n-v2-680x680.png 680w, https:\/\/cryptsec.se\/wp-content\/uploads\/2025\/02\/webui4-0_mt300n-v2-100x100.png 100w, https:\/\/cryptsec.se\/wp-content\/uploads\/2025\/02\/webui4-0_mt300n-v2.png 1080w\" sizes=\"(max-width: 300px) 100vw, 300px\" \/><\/p>\n<h2 class=\"\" data-start=\"1203\" data-end=\"1245\"><strong data-start=\"1206\" data-end=\"1245\">Fyra s\u00e4tt att ansluta till internet<\/strong><\/h2>\n<p class=\"\" data-start=\"1247\" data-end=\"1344\">Mango kan kopplas till internet p\u00e5 flera s\u00e4tt, vilket g\u00f6r den m\u00e5ngsidig b\u00e5de f\u00f6r resor och hemma:<\/p>\n<ol data-start=\"1346\" data-end=\"1602\">\n<li class=\"\" data-start=\"1346\" data-end=\"1397\">\n<p class=\"\" data-start=\"1349\" data-end=\"1397\"><strong data-start=\"1349\" data-end=\"1361\">Ethernet<\/strong> \u2013 Koppla direkt via n\u00e4tverkskabel<\/p>\n<\/li>\n<li class=\"\" data-start=\"1398\" data-end=\"1485\">\n<p class=\"\" data-start=\"1401\" data-end=\"1485\"><strong data-start=\"1401\" data-end=\"1419\">Wi-Fi-repeater<\/strong> \u2013 Anslut till befintligt tr\u00e5dl\u00f6st n\u00e4tverk och f\u00f6rst\u00e4rk signalen<\/p>\n<\/li>\n<li class=\"\" data-start=\"1486\" data-end=\"1537\">\n<p class=\"\" data-start=\"1489\" data-end=\"1537\"><strong data-start=\"1489\" data-end=\"1502\">USB-modem<\/strong> \u2013 Anv\u00e4nd mobilt bredband via USB<\/p>\n<\/li>\n<li class=\"\" data-start=\"1538\" data-end=\"1602\">\n<p class=\"\" data-start=\"1541\" data-end=\"1602\"><strong data-start=\"1541\" data-end=\"1554\">Tethering<\/strong> \u2013 Dela internet fr\u00e5n din mobiltelefon via USB<\/p>\n<\/li>\n<\/ol>\n<p><img loading=\"lazy\" decoding=\"async\" class=\"alignnone wp-image-30439\" src=\"https:\/\/cryptsec.se\/wp-content\/uploads\/2025\/02\/minirouter_tethering.png\" alt=\"\" width=\"199\" height=\"199\" srcset=\"https:\/\/cryptsec.se\/wp-content\/uploads\/2025\/02\/minirouter_tethering.png 250w, https:\/\/cryptsec.se\/wp-content\/uploads\/2025\/02\/minirouter_tethering-150x150.png 150w, https:\/\/cryptsec.se\/wp-content\/uploads\/2025\/02\/minirouter_tethering-100x100.png 100w\" sizes=\"(max-width: 199px) 100vw, 199px\" \/> <img loading=\"lazy\" decoding=\"async\" class=\"alignnone wp-image-30441\" src=\"https:\/\/cryptsec.se\/wp-content\/uploads\/2025\/02\/minirouter_usbmodem.png\" alt=\"\" width=\"198\" height=\"198\" srcset=\"https:\/\/cryptsec.se\/wp-content\/uploads\/2025\/02\/minirouter_usbmodem.png 250w, https:\/\/cryptsec.se\/wp-content\/uploads\/2025\/02\/minirouter_usbmodem-150x150.png 150w, https:\/\/cryptsec.se\/wp-content\/uploads\/2025\/02\/minirouter_usbmodem-100x100.png 100w\" sizes=\"(max-width: 198px) 100vw, 198px\" \/> <img loading=\"lazy\" decoding=\"async\" class=\"alignnone wp-image-30443\" src=\"https:\/\/cryptsec.se\/wp-content\/uploads\/2025\/02\/minirouter_repeater.png\" alt=\"\" width=\"199\" height=\"199\" srcset=\"https:\/\/cryptsec.se\/wp-content\/uploads\/2025\/02\/minirouter_repeater.png 250w, https:\/\/cryptsec.se\/wp-content\/uploads\/2025\/02\/minirouter_repeater-150x150.png 150w, https:\/\/cryptsec.se\/wp-content\/uploads\/2025\/02\/minirouter_repeater-100x100.png 100w\" sizes=\"(max-width: 199px) 100vw, 199px\" \/> <img loading=\"lazy\" decoding=\"async\" class=\"alignnone wp-image-30445\" src=\"https:\/\/cryptsec.se\/wp-content\/uploads\/2025\/02\/minirouter_cable.png\" alt=\"\" width=\"198\" height=\"198\" srcset=\"https:\/\/cryptsec.se\/wp-content\/uploads\/2025\/02\/minirouter_cable.png 250w, https:\/\/cryptsec.se\/wp-content\/uploads\/2025\/02\/minirouter_cable-150x150.png 150w, https:\/\/cryptsec.se\/wp-content\/uploads\/2025\/02\/minirouter_cable-100x100.png 100w\" sizes=\"(max-width: 198px) 100vw, 198px\" \/><\/p>\n<div>\n<div class=\"row justify-content-center\">\n<div class=\"col-md-9 col-lg-6 col-xl-5 pr-xl-5\">\n<p>&nbsp;<\/p>\n<p>&nbsp;<\/p>\n<\/div>\n<\/div>\n<\/div>\n","protected":false},"excerpt":{"rendered":"<h4 class=\"pt-1 font-weight-bold\"><strong>Secure Personal Privacy Wherever You Go!<\/strong><\/h4>\n<p class=\"pt-1 font-weight-bold\">Converting a public network (wired\/wireless) to a private Wi-Fi for secure surfing. Tethering, 3G\/4G USB Modem Compatible. Only 39g (1.41 Oz) and very pocket-friendly.<\/p>\n<ul class=\"a-unordered-list a-vertical a-spacing-mini\">\n<li class=\"a-spacing-mini\"><span class=\"a-list-item\">Convert a public network (wired or wireless) to a private Wi-Fi for secure surfing. Tethering. Powered by any laptop USB, power banks or 5V\/2A DC adapters (sold separately). 39g (1.41 Oz) only, portable and pocket friendly. 2.4GHz ONLY<\/span><\/li>\n<li class=\"a-spacing-mini\"><span class=\"a-list-item\">OpenWrt pre-installed, USB disk extendable.<\/span><\/li>\n<li class=\"a-spacing-mini\"><span class=\"a-list-item\">128MB RAM, 16MB Flash ROM, dual Ethernet ports, UART and GPIOs available for hardware DIY.<\/span><\/li>\n<li class=\"a-spacing-mini\"><span class=\"a-list-item\">\u00a0OpenVPN client pre-installed, compatible with 30+ VPN service providers.<\/span><\/li>\n<li class=\"a-spacing-mini\"><span class=\"a-list-item\">GL-MT300N-V2 (Mango) mini router (2-year Warranty), USB cable, Ethernet cable, User Manual. Please update to the latest firmware.<\/span><\/li>\n<li class=\"a-spacing-mini\"><span class=\"a-list-item\">Get started quickly by connecting Mango via an Ethernet cable or Wi-Fi. Effortlessly configure Mango using our intuitive mobile app or the user-friendly web Admin Panel, enabling you to personalize your network settings in just a few easy steps.<\/span><\/li>\n<li class=\"a-spacing-mini\"><span class=\"a-list-item\">Convert a public network (wired\/wireless) to a private Wi-Fi for secure surfing. Please refer to the video guide on Amazon for instructions on connecting to public\/hotel Wi-Fi through repeater.<\/span><\/li>\n<\/ul>\n","protected":false},"featured_media":30364,"template":"","meta":[],"product_brand":[],"product_cat":[757],"product_tag":[808,762,759,627,673,758,760,658,1005,1006],"berocket_brand":[1206],"class_list":{"0":"post-30359","1":"product","2":"type-product","3":"status-publish","4":"has-post-thumbnail","6":"product_cat-network-security","7":"product_tag-brandvagg","8":"product_tag-cyber-security","9":"product_tag-firewall","10":"product_tag-information-security","11":"product_tag-informationsakerhet","12":"product_tag-natverksakerhet","13":"product_tag-network-security","14":"product_tag-vpn","15":"product_tag-vpn-router","16":"product_tag-vpn-security","17":"berocket_brand-gli-inet","19":"first","20":"instock","21":"taxable","22":"shipping-taxable","23":"purchasable","24":"product-type-variable","25":"has-default-attributes"},"_links":{"self":[{"href":"https:\/\/cryptsec.se\/sv\/wp-json\/wp\/v2\/product\/30359","targetHints":{"allow":["GET"]}}],"collection":[{"href":"https:\/\/cryptsec.se\/sv\/wp-json\/wp\/v2\/product"}],"about":[{"href":"https:\/\/cryptsec.se\/sv\/wp-json\/wp\/v2\/types\/product"}],"wp:featuredmedia":[{"embeddable":true,"href":"https:\/\/cryptsec.se\/sv\/wp-json\/wp\/v2\/media\/30364"}],"wp:attachment":[{"href":"https:\/\/cryptsec.se\/sv\/wp-json\/wp\/v2\/media?parent=30359"}],"wp:term":[{"taxonomy":"product_brand","embeddable":true,"href":"https:\/\/cryptsec.se\/sv\/wp-json\/wp\/v2\/product_brand?post=30359"},{"taxonomy":"product_cat","embeddable":true,"href":"https:\/\/cryptsec.se\/sv\/wp-json\/wp\/v2\/product_cat?post=30359"},{"taxonomy":"product_tag","embeddable":true,"href":"https:\/\/cryptsec.se\/sv\/wp-json\/wp\/v2\/product_tag?post=30359"},{"taxonomy":"berocket_brand","embeddable":true,"href":"https:\/\/cryptsec.se\/sv\/wp-json\/wp\/v2\/berocket_brand?post=30359"}],"curies":[{"name":"wp","href":"https:\/\/api.w.org\/{rel}","templated":true}]}}