{"id":30880,"date":"2025-03-17T12:27:12","date_gmt":"2025-03-17T11:27:12","guid":{"rendered":"https:\/\/cryptsec.se\/product\/120-videobandspelare-med-vidvinkel-och-avancerad-rorelsedetektering\/"},"modified":"2025-05-02T19:52:13","modified_gmt":"2025-05-02T17:52:13","slug":"cam-vox-1080p-vidvinkelkamera-dvr","status":"publish","type":"product","link":"https:\/\/cryptsec.se\/sv\/product\/cam-vox-1080p-vidvinkelkamera-dvr\/","title":{"rendered":"Cam-Vox 1080p vidvinkelkamera DVR"},"content":{"rendered":"<h2><strong>Cam-Vox 1080p vidvinkelkamera DVR &#8211; omfattande \u00f6vervakning med 120\u00b0 FOV<\/strong><\/h2>\n<p>Cam-Vox Wide-Angle 1080p Camera DVR \u00e4r ett h\u00f6gpresterande \u00f6vervakningsverktyg som \u00e4r utformat f\u00f6r yrkesverksamma som kr\u00e4ver omfattande t\u00e4ckning.<br \/>\nDess 120-graders synf\u00e4lt (FOV) s\u00e4kerst\u00e4ller exceptionella \u00f6vervakningsm\u00f6jligheter och f\u00e5ngar ett brett omr\u00e5de med skarp, detaljerad 1080p HD-video. I kombination med r\u00f6relsedetektering, l\u00e5ng standby-tid och flexibla inspelningsalternativ \u00e4r den h\u00e4r enheten idealisk f\u00f6r diskret och effektiv \u00f6vervakning.<\/p>\n<h3><strong data-start=\"547\" data-end=\"583\">Diskret och effektiv som spy cam<\/strong><\/h3>\n<p>Cam-Vox 1080p fungerar utm\u00e4rkt som en spy cam tack vare sin l\u00e5nga standbytid, r\u00f6relseaktivering och diskreta design. Den passar perfekt i milj\u00f6er d\u00e4r dold \u00f6vervakning \u00e4r avg\u00f6rande, exempelvis f\u00f6r internutredningar eller k\u00e4nsliga s\u00e4kerhetsuppdrag.<\/p>\n<h3><strong>Viktiga egenskaper:<\/strong><\/h3>\n<ul>\n<li><strong>120\u00b0 vidvinkel FOV<\/strong><br \/>\n<strong>F\u00e5nga<\/strong> ett bredare omr\u00e5de med f\u00e4rre blinda fl\u00e4ckar, vilket g\u00f6r den idealisk f\u00f6r \u00f6vervakning av \u00f6ppna ytor eller entr\u00e9er.<\/li>\n<li><strong>1080p HD-videoinspelning<\/strong><br \/>\nSpela in tydliga, h\u00f6guppl\u00f6sta bilder med exakta detaljer f\u00f6r att s\u00e4kerst\u00e4lla att viktiga bevis f\u00e5ngas.<\/li>\n<li><strong>F\u00f6rl\u00e4ngd batteritid i standby-l\u00e4ge<\/strong><br \/>\nFungerar i upp till 25 dagar i standby-l\u00e4ge, perfekt f\u00f6r l\u00e5ngvariga insatser utan frekventa laddningar.<\/li>\n<li><strong>R\u00f6relseaktiverad<\/strong> inspelning<br \/>\nStartar automatiskt inspelningen n\u00e4r en r\u00f6relse uppt\u00e4cks, vilket minskar on\u00f6digt filmmaterial och f\u00f6rl\u00e4nger lagringstiden.<\/li>\n<li><strong>Tids- och datumst\u00e4mpling<\/strong><br \/>\nSe till att alla inspelningar \u00e4r korrekt m\u00e4rkta f\u00f6r bevis- och gransknings\u00e4ndam\u00e5l.<\/li>\n<li><strong>Video med eller utan ljud<\/strong><br \/>\nV\u00e4lj mellan inspelningsl\u00e4gen f\u00f6r enbart video eller video med ljud f\u00f6r att uppfylla verksamhetens krav.<\/li>\n<li><strong>L\u00f6stagbart 128 GB klass 10 SD-kort<\/strong><br \/>\nF\u00f6rvara timmar av h\u00f6guppl\u00f6st material s\u00e4kert med det medf\u00f6ljande h\u00f6ghastighetsminneskortet.<\/li>\n<li><strong>Konfigurationsprogram f\u00f6r avancerade inst\u00e4llningar<\/strong><br \/>\nAnpassa r\u00f6relsek\u00e4nslighet, inspelningsl\u00e4gen och andra inst\u00e4llningar med hj\u00e4lp av den medf\u00f6ljande programvaran.<\/li>\n<\/ul>\n<h3><strong>Applikationer:<\/strong><\/h3>\n<ul>\n<li><strong>\u00d6vervakning av stora omr\u00e5den<\/strong><br \/>\nFOV p\u00e5 120\u00b0 g\u00f6r den idealisk f\u00f6r \u00f6vervakning av stora utrymmen som kontor, lager eller utomhusomr\u00e5den.<\/li>\n<li><strong>\u00d6vervakning av entr\u00e9er och accesspunkter<\/strong><br \/>\nS\u00e4ker \u00f6vervakning av d\u00f6rrar, korridorer och andra kritiska accesspunkter med minimala blinda fl\u00e4ckar.<\/li>\n<li><strong>Bevisupptagning<\/strong><br \/>\nSpela in tydliga, tidsst\u00e4mplade bilder f\u00f6r juridiska \u00e4ndam\u00e5l och utredningar, med bred t\u00e4ckning f\u00f6r att s\u00e4kerst\u00e4lla att viktiga detaljer inte missas.<\/li>\n<li><strong>Ut\u00f6kade drifts\u00e4ttningar<\/strong><br \/>\nIdealisk f\u00f6r l\u00e5ngsiktiga installationer som kr\u00e4ver minimalt underh\u00e5ll, tack vare den ut\u00f6kade batteritiden i standby.<\/li>\n<\/ul>\n<h3><strong>Varf\u00f6r v\u00e4lja denna DVR?<\/strong><\/h3>\n<p>Cam-Vox Wide-Angle 1080p Camera DVR ger robusta \u00f6vervakningsm\u00f6jligheter med sin 120\u00b0 FOV, vilket ger omfattande t\u00e4ckning f\u00f6r professionell \u00f6vervakning.<br \/>\nDess professionella funktioner, inklusive r\u00f6relsedetektering, ut\u00f6kad batteritid och avancerade inst\u00e4llningar, g\u00f6r den till ett p\u00e5litligt verktyg f\u00f6r s\u00e4kerhets- och utredningsbehov.<\/p>\n","protected":false},"excerpt":{"rendered":"<ul>\n<li><strong>F\u00f6rl\u00e4ngd inspelningstid<\/strong>: Upp till 9 timmars kontinuerlig HD 1080P-videoinspelning p\u00e5 en enda laddning.<\/li>\n<li><strong>T\u00e4ckning med bred vinkel<\/strong>: 120 graders synf\u00e4lt, perfekt f\u00f6r att f\u00e5nga stora omr\u00e5den i olika milj\u00f6er.<\/li>\n<li><strong>Avancerad r\u00f6relsedetektering<\/strong>: Detekterar r\u00f6relser genom glas, perfekt f\u00f6r diskret korttids\u00f6vervakning.<\/li>\n<li><strong>Anv\u00e4ndarv\u00e4nlig konfiguration<\/strong>: Enkel installation och konfiguration med hj\u00e4lp av dedikerade Windows- eller Mac-appar.<\/li>\n<li><strong>Gott om lagringsutrymme<\/strong>: Levereras med ett 128 GB Class 10 SD-kort, vilket ger betydande inspelningskapacitet.<\/li>\n<\/ul>\n","protected":false},"featured_media":30617,"template":"","meta":[],"product_brand":[],"product_cat":[1228,1230],"product_tag":[1266,1264,1263,1261,1260,1265,1262],"berocket_brand":[1259],"class_list":{"0":"post-30880","1":"product","2":"type-product","3":"status-publish","4":"has-post-thumbnail","6":"product_cat-dold-overvakning","7":"product_cat-videoovervakning","8":"product_tag-dold-overvakning-sv","9":"product_tag-dold-videokamera","10":"product_tag-hemlig-video","11":"product_tag-hemlig-videoinspelning","12":"product_tag-hemlig-videoovervakning","13":"product_tag-spionkamera-sv-2","14":"product_tag-spionkamera-sv","15":"berocket_brand-cryptsec-sv","17":"first","18":"instock","19":"featured","20":"taxable","21":"shipping-taxable","22":"purchasable","23":"product-type-simple"},"_links":{"self":[{"href":"https:\/\/cryptsec.se\/sv\/wp-json\/wp\/v2\/product\/30880","targetHints":{"allow":["GET"]}}],"collection":[{"href":"https:\/\/cryptsec.se\/sv\/wp-json\/wp\/v2\/product"}],"about":[{"href":"https:\/\/cryptsec.se\/sv\/wp-json\/wp\/v2\/types\/product"}],"wp:featuredmedia":[{"embeddable":true,"href":"https:\/\/cryptsec.se\/sv\/wp-json\/wp\/v2\/media\/30617"}],"wp:attachment":[{"href":"https:\/\/cryptsec.se\/sv\/wp-json\/wp\/v2\/media?parent=30880"}],"wp:term":[{"taxonomy":"product_brand","embeddable":true,"href":"https:\/\/cryptsec.se\/sv\/wp-json\/wp\/v2\/product_brand?post=30880"},{"taxonomy":"product_cat","embeddable":true,"href":"https:\/\/cryptsec.se\/sv\/wp-json\/wp\/v2\/product_cat?post=30880"},{"taxonomy":"product_tag","embeddable":true,"href":"https:\/\/cryptsec.se\/sv\/wp-json\/wp\/v2\/product_tag?post=30880"},{"taxonomy":"berocket_brand","embeddable":true,"href":"https:\/\/cryptsec.se\/sv\/wp-json\/wp\/v2\/berocket_brand?post=30880"}],"curies":[{"name":"wp","href":"https:\/\/api.w.org\/{rel}","templated":true}]}}