{"id":30885,"date":"2025-03-25T10:47:02","date_gmt":"2025-03-25T09:47:02","guid":{"rendered":"https:\/\/cryptsec.se\/product\/svart-vox-wifi-lyssna-pa-distans-fran-var-som-helst\/"},"modified":"2025-03-25T10:47:02","modified_gmt":"2025-03-25T09:47:02","slug":"svart-vox-wifi-lyssna-pa-distans-fran-var-som-helst","status":"publish","type":"product","link":"https:\/\/cryptsec.se\/sv\/product\/svart-vox-wifi-lyssna-pa-distans-fran-var-som-helst\/","title":{"rendered":"Svart VOX WIFI Lyssna p\u00e5 distans fr\u00e5n var som helst"},"content":{"rendered":"<p>Svart Vox 32GB WIFI ljudinspelare<\/p>\n<p>Live-lyssning och ljudinspelningar direkt fr\u00e5n iPhone eller Android.<\/p>\n<p>Lyssna p\u00e5 och spela in ljud var du \u00e4n befinner dig, med full fj\u00e4rr\u00e5tkomst.<\/p>\n<p>Mycket stabil drift med 2,4G-n\u00e4tverk, fungerar med alla routrar inklusive 5G-routrar.<\/p>\n<p>Magnetiskt h\u00f6lje f\u00f6r att d\u00f6lja enheten utom synh\u00e5ll.<\/p>\n<p>Fullst\u00e4ndig fj\u00e4rrkonfiguration av enheten endast tillg\u00e4nglig via telefon.<\/p>\n<p>Tr\u00e5dl\u00f6s konfiguration och tr\u00e5dl\u00f6s data\u00f6verf\u00f6ring.<\/p>\n<p>Upp till 18 dagars standby-batteri.<\/p>\n<p>Upp till 14 timmar Live-lyssning\/-inspelning<\/p>\n<ul>\n<li>WIFI 32GB ljudinspelare<\/li>\n<li>Kan n\u00e5s \u00f6ver hela v\u00e4rlden.<\/li>\n<li>Inspelningar kan laddas ner och delas.<\/li>\n<li>Fungerar med alla routrar.<\/li>\n<li>Datum- och tidsst\u00e4mpel<\/li>\n<li>Appen fungerar med iPhone &amp; Android<\/li>\n<li>Inbyggda magneter f\u00f6r montering (under bils\u00e4ten, skrivbord etc.)<\/li>\n<\/ul>\n<p><strong>Extra information:<\/strong><\/p>\n<p><strong>Varum\u00e4rke:<\/strong> Svart Vox<\/p>\n<p><strong>Str\u00f6mf\u00f6rs\u00f6rjning:<\/strong> 3,7 V 180 mAh uppladdningsbart batteri<\/p>\n<p><strong>M\u00e5tt:<\/strong> 3,20\u2033 x 1,35\u2033 x 1,15\u2033<\/p>\n<p><strong>Tillverkad i:<\/strong> STORBRITANNIEN.<\/p>\n","protected":false},"excerpt":{"rendered":"<div class=\"elementor-element elementor-element-9485e57 elementor-widget elementor-widget-text-editor\" data-id=\"9485e57\" data-element_type=\"widget\" data-widget_type=\"text-editor.default\">\n<div class=\"elementor-widget-container\">\n<p>Secure Black Vox WIFI 32GB Audio Recorder, lyssna, ladda ner och konfigurera enheten direkt fr\u00e5n App.<\/p>\n<\/div>\n<\/div>\n<ul class=\"elementor-icon-list-items\">\n<li class=\"elementor-icon-list-item\"><span class=\"elementor-icon-list-text\">WIFI ljudinspelare<\/span><\/li>\n<li class=\"elementor-icon-list-item\"><i class=\"fas fa-search\" aria-hidden=\"true\"><\/i><span class=\"elementor-icon-list-text\">Funktionalitet f\u00f6r direktlyssning<\/span><\/li>\n<li class=\"elementor-icon-list-item\"><i class=\"fas fa-search\" aria-hidden=\"true\"><\/i><span class=\"elementor-icon-list-text\">R\u00f6staktiverad (VOX)<\/span><\/li>\n<li class=\"elementor-icon-list-item\"><i class=\"fas fa-search\" aria-hidden=\"true\"><\/i><span class=\"elementor-icon-list-text\">Justering av avtryckark\u00e4nslighet<\/span><\/li>\n<li class=\"elementor-icon-list-item\"><i class=\"fas fa-search\" aria-hidden=\"true\"><\/i><span class=\"elementor-icon-list-text\">Fj\u00e4rrstyrning av enheten via app<\/span><\/li>\n<li class=\"elementor-icon-list-item\"><i class=\"fas fa-search\" aria-hidden=\"true\"><\/i><span class=\"elementor-icon-list-text\">Inspelning i upp till 14 timmar kontinuerligt<\/span><\/li>\n<li class=\"elementor-icon-list-item\"><i class=\"fas fa-search\" aria-hidden=\"true\"><\/i><span class=\"elementor-icon-list-text\">32 GB lagringsutrymme<\/span><\/li>\n<li class=\"elementor-icon-list-item\"><i class=\"fas fa-search\" aria-hidden=\"true\"><\/i><span class=\"elementor-icon-list-text\">Tid- och datumst\u00e4mpel<\/span><\/li>\n<li class=\"elementor-icon-list-item\"><i class=\"fas fa-search\" aria-hidden=\"true\"><\/i><span class=\"elementor-icon-list-text\">Tillverkad i Storbritannien<\/span><\/li>\n<\/ul>\n<p>Black Vox WIFI 32GB spelar in ljud och ger anv\u00e4ndarna m\u00f6jlighet att lyssna i direkts\u00e4ndning.<\/p>\n<p>Ansluts till valfri router i hemmet eller p\u00e5 kontoret, utm\u00e4rkt s\u00e4kerhetsl\u00f6sning f\u00f6r fj\u00e4rr\u00f6vervakning av en plats f\u00f6r ljud.<\/p>\n<p>Lyssna p\u00e5 ljudfiler via din telefon eller lyssna i direkts\u00e4ndning.<\/p>\n<p>Konfigurera k\u00e4nslighetsutl\u00f6sare via din telefon, ladda ner ljudfiler till din telefon.<\/p>\n<p>Ljudinspelningar som endast \u00e4r tillg\u00e4ngliga via appen, extremt s\u00e4ker drift, f\u00f6rhindrar obeh\u00f6rig \u00e5tkomst till inspelningar.<\/p>\n<p>Appen finns tillg\u00e4nglig f\u00f6r b\u00e5de iPhone och Android App stores.<\/p>\n","protected":false},"featured_media":30804,"template":"","meta":[],"product_brand":[],"product_cat":[1228,1229],"product_tag":[1271,1138,1266,1268,1267,1274,1279,1278],"berocket_brand":[1259],"class_list":{"0":"post-30885","1":"product","2":"type-product","3":"status-publish","4":"has-post-thumbnail","6":"product_cat-dold-overvakning","7":"product_cat-ljudovervakning","8":"product_tag-avlyssning-sv","9":"product_tag-avlyssningsutrustning-sv","10":"product_tag-dold-overvakning-sv","11":"product_tag-hemlig-ljudinspelare","12":"product_tag-ljudinspelare","13":"product_tag-ljudovervakning","14":"product_tag-wifi-bugg-sv","15":"product_tag-wifi-inspelare","16":"berocket_brand-cryptsec-sv","18":"first","19":"instock","20":"featured","21":"taxable","22":"shipping-taxable","23":"purchasable","24":"product-type-simple"},"_links":{"self":[{"href":"https:\/\/cryptsec.se\/sv\/wp-json\/wp\/v2\/product\/30885","targetHints":{"allow":["GET"]}}],"collection":[{"href":"https:\/\/cryptsec.se\/sv\/wp-json\/wp\/v2\/product"}],"about":[{"href":"https:\/\/cryptsec.se\/sv\/wp-json\/wp\/v2\/types\/product"}],"wp:featuredmedia":[{"embeddable":true,"href":"https:\/\/cryptsec.se\/sv\/wp-json\/wp\/v2\/media\/30804"}],"wp:attachment":[{"href":"https:\/\/cryptsec.se\/sv\/wp-json\/wp\/v2\/media?parent=30885"}],"wp:term":[{"taxonomy":"product_brand","embeddable":true,"href":"https:\/\/cryptsec.se\/sv\/wp-json\/wp\/v2\/product_brand?post=30885"},{"taxonomy":"product_cat","embeddable":true,"href":"https:\/\/cryptsec.se\/sv\/wp-json\/wp\/v2\/product_cat?post=30885"},{"taxonomy":"product_tag","embeddable":true,"href":"https:\/\/cryptsec.se\/sv\/wp-json\/wp\/v2\/product_tag?post=30885"},{"taxonomy":"berocket_brand","embeddable":true,"href":"https:\/\/cryptsec.se\/sv\/wp-json\/wp\/v2\/berocket_brand?post=30885"}],"curies":[{"name":"wp","href":"https:\/\/api.w.org\/{rel}","templated":true}]}}