{"id":30889,"date":"2025-03-25T09:02:14","date_gmt":"2025-03-25T08:02:14","guid":{"rendered":"https:\/\/cryptsec.se\/product\/professionell-lyssna-genom-vaggen-enhet\/"},"modified":"2025-03-25T09:02:14","modified_gmt":"2025-03-25T08:02:14","slug":"professionell-lyssna-genom-vaggen-enhet","status":"publish","type":"product","link":"https:\/\/cryptsec.se\/sv\/product\/professionell-lyssna-genom-vaggen-enhet\/","title":{"rendered":"Professionell lyssna genom v\u00e4ggen-enhet"},"content":{"rendered":"<h2><b>Professionell genomlyssningsenhet f\u00f6r v\u00e4gg<\/b><\/h2>\n<p><b>Professional Listen Through Wall Device<\/b> \u00e4r konstruerad f\u00f6r att hj\u00e4lpa yrkesverksamma inom olika omr\u00e5den genom att m\u00f6jligg\u00f6ra detektering av ljud genom fasta ytor. Den h\u00f6gk\u00e4nsliga akustiska mikrofonf\u00f6rst\u00e4rkaren f\u00e5ngar upp vibrationer fr\u00e5n v\u00e4ggar, golv och tak och omvandlar dem till h\u00f6rbara signaler f\u00f6r effektiv \u00f6vervakning. <\/p>\n<h3><b>Viktiga egenskaper hos Professional Listen Through Wall Device:<\/b><\/h3>\n<ul>\n<li><b>Enkel anv\u00e4ndning:<\/b> Tryck helt enkelt den keramiska kontaktmikrofonen mot en solid yta f\u00f6r att h\u00e4mta vibrationer och omvandla dem till h\u00f6rbart ljud via de medf\u00f6ljande h\u00f6rlurarna.<\/li>\n<li><b>H\u00e5llbar konstruktion:<\/b> Tillverkad av h\u00f6gkvalitativ borstad aluminium, vilket garanterar h\u00e5llbarhet och l\u00e5ng livsl\u00e4ngd.<\/li>\n<li><b>F\u00f6rl\u00e4ngd batteritid:<\/b> Drivs med ett PP3-batteri som ger upp till 24 timmars kontinuerlig anv\u00e4ndning.<\/li>\n<\/ul>\n<h3><b>Professionella till\u00e4mpningar av den professionella enheten f\u00f6r att lyssna genom v\u00e4ggen:<\/b><\/h3>\n<ul>\n<li><b>S\u00f6kning och r\u00e4ddning:<\/b> Uppt\u00e4cker personer som \u00e4r inst\u00e4ngda i k\u00e4llare, hissar eller under rasmassor.<\/li>\n<li><b>Bombdetektering:<\/b> Lyssnar p\u00e5 paket f\u00f6r tickande timers.<\/li>\n<li><b>Diagnostik:<\/b> Identifiering av problem i motorer, v\u00e4xell\u00e5dor och andra mekaniska apparater.<\/li>\n<li><b>Skadedjursbek\u00e4mpning:<\/b> Lokalisering av insekts- eller gnagarangrepp och termitkolonier i v\u00e4ggar, tak och golv.<\/li>\n<li><b>R\u00f6rmokeri:<\/b> Lokalisering av l\u00e4ckande r\u00f6r i betong eller v\u00e4ggar.<\/li>\n<\/ul>\n<h3><b>Bruksanvisning f\u00f6r Professional Listen Through Wall Device:<\/b><\/h3>\n<ol>\n<li>S\u00e4tt <b>i batteriet: S\u00e4tt i<\/b> ett fulladdat PP3 9V-batteri i enheten f\u00f6r att s\u00e4kerst\u00e4lla optimal prestanda.<\/li>\n<li><b>Anslut h\u00f6rlurar:<\/b> Anslut de medf\u00f6ljande h\u00f6rlurarna till 3,5 mm stereoutg\u00e5ngen f\u00f6r ljud\u00f6vervakning.<\/li>\n<li><b>Power On:<\/b> Sl\u00e5 p\u00e5 enheten med hj\u00e4lp av den avsedda str\u00f6mknappen.<\/li>\n<li><b>Placera mikrofonen:<\/b> Tryck f\u00f6rsiktigt och h\u00e5ll den keramiska kontaktmikrofonen mot den fasta v\u00e4gg eller yta som du vill \u00f6vervaka.<\/li>\n<\/ol>\n","protected":false},"excerpt":{"rendered":"<ul>\n<li><strong>Mikrofon med h\u00f6g k\u00e4nslighet<\/strong>: F\u00e5ngar upp ljud genom v\u00e4ggar som \u00e4r upp till 12 tum tjocka.<\/li>\n<li><strong>Filter f\u00f6r finjustering<\/strong>: F\u00f6rfinar ljudet f\u00f6r tydligare lyssning.<\/li>\n<li><strong>Uttag f\u00f6r ljudutg\u00e5ng<\/strong>: Anslut till en digital r\u00f6stinspelare f\u00f6r ljudinspelning.<\/li>\n<li><strong>F\u00f6rl\u00e4ngd batteritid<\/strong>: Ger upp till 24 timmars kontinuerlig anv\u00e4ndning med ett PP3-batteri.<\/li>\n<\/ul>\n","protected":false},"featured_media":30795,"template":"","meta":[],"product_brand":[],"product_cat":[1228,1229],"product_tag":[1286,1289,1283,1274,1287,1285,1284,879,1288,1282],"berocket_brand":[1259],"class_list":{"0":"post-30889","1":"product","2":"type-product","3":"status-publish","4":"has-post-thumbnail","6":"product_cat-dold-overvakning","7":"product_cat-ljudovervakning","8":"product_tag-kontakta-mikrofonen","9":"product_tag-kontaktmikrofon-sv","10":"product_tag-listen-trough-wall-device-sv","11":"product_tag-ljudovervakning","12":"product_tag-lyssna-genom-vaggar-sv","13":"product_tag-nikkei-akustik","14":"product_tag-sun-mekatronik","15":"product_tag-tscm-sv","16":"product_tag-vaggmikrofon-sv-2","17":"product_tag-vaggmikrofon-sv","18":"berocket_brand-cryptsec-sv","20":"first","21":"instock","22":"taxable","23":"shipping-taxable","24":"purchasable","25":"product-type-simple"},"_links":{"self":[{"href":"https:\/\/cryptsec.se\/sv\/wp-json\/wp\/v2\/product\/30889","targetHints":{"allow":["GET"]}}],"collection":[{"href":"https:\/\/cryptsec.se\/sv\/wp-json\/wp\/v2\/product"}],"about":[{"href":"https:\/\/cryptsec.se\/sv\/wp-json\/wp\/v2\/types\/product"}],"wp:featuredmedia":[{"embeddable":true,"href":"https:\/\/cryptsec.se\/sv\/wp-json\/wp\/v2\/media\/30795"}],"wp:attachment":[{"href":"https:\/\/cryptsec.se\/sv\/wp-json\/wp\/v2\/media?parent=30889"}],"wp:term":[{"taxonomy":"product_brand","embeddable":true,"href":"https:\/\/cryptsec.se\/sv\/wp-json\/wp\/v2\/product_brand?post=30889"},{"taxonomy":"product_cat","embeddable":true,"href":"https:\/\/cryptsec.se\/sv\/wp-json\/wp\/v2\/product_cat?post=30889"},{"taxonomy":"product_tag","embeddable":true,"href":"https:\/\/cryptsec.se\/sv\/wp-json\/wp\/v2\/product_tag?post=30889"},{"taxonomy":"berocket_brand","embeddable":true,"href":"https:\/\/cryptsec.se\/sv\/wp-json\/wp\/v2\/berocket_brand?post=30889"}],"curies":[{"name":"wp","href":"https:\/\/api.w.org\/{rel}","templated":true}]}}