{"id":39505,"date":"2026-03-23T11:51:00","date_gmt":"2026-03-23T10:51:00","guid":{"rendered":"https:\/\/cryptsec.se\/?post_type=product&#038;p=39505"},"modified":"2026-03-23T11:51:00","modified_gmt":"2026-03-23T10:51:00","slug":"ajax-motioncam-plus-komplett-tradlost-enkelt-larmsystem-med-kamerasensor","status":"publish","type":"product","link":"https:\/\/cryptsec.se\/sv\/product\/ajax-motioncam-plus-komplett-tradlost-enkelt-larmsystem-med-kamerasensor\/","title":{"rendered":"AJAX MotionCam PLUS &#8211; Komplett Tr\u00e5dl\u00f6st &#038; Enkelt Larmsystem med Kamerasensor"},"content":{"rendered":"<p data-path-to-node=\"4\">AJAX tr\u00e5dl\u00f6sa larmsystem \u00e4r ett komplett och kraftfullt s\u00e4kerhetssystem f\u00f6r b\u00e5de hem och f\u00f6retag. Det ger ett omfattande skydd mot inbrott, brand och vattenl\u00e4ckor och \u00e4r k\u00e4nt f\u00f6r sin snabba reaktionstid, l\u00e5nga batteritid och anv\u00e4ndarv\u00e4nliga app. Systemet \u00e4r byggt p\u00e5 AJAX egen Jeweller-protokoll f\u00f6r s\u00e4ker tr\u00e5dl\u00f6s kommunikation och \u00e4r l\u00e4tt att installera och anv\u00e4nda. Du f\u00e5r full koll p\u00e5 vad som h\u00e4nder i ditt hem via appen, oavsett var du befinner dig, och kan snabbt vidta \u00e5tg\u00e4rder vid larm.<\/p>\n<p data-path-to-node=\"4\"><strong>Detta ing\u00e5r i AJAX Bas Keypad PLUS:<\/strong><\/p>\n<ul>\n<li>\n<p data-path-to-node=\"1,0,0\"><b data-path-to-node=\"1,0,0\" data-index-in-node=\"0\">Ajax Hub 2 Plus:<\/b> Systemets tr\u00e5dl\u00f6sa &#8220;hj\u00e4rna&#8221; som styr alla andra enheter och kommunicerar med omv\u00e4rlden via internet (Ethernet, Wi-Fi) och mobiln\u00e4t (2G\/3G\/4G) f\u00f6r att skicka larm och aviseringar till din telefon.<\/p>\n<\/li>\n<li><b data-path-to-node=\"12,1,0\" data-index-in-node=\"0\">AjaxMotionCam (2x):<\/b>En tr\u00e5dl\u00f6s r\u00f6relsedetektor med inbyggd kamera. Den tar bilder vid larm och skickar dem direkt till din telefon, s\u00e5 att du kan se vad som h\u00e4nder. Den har en l\u00e5ng batteritid p\u00e5 upp till 4 \u00e5r.<\/li>\n<li>\n<p data-path-to-node=\"1,2,0\"><b data-path-to-node=\"1,2,0\" data-index-in-node=\"0\">Ajax DoorProtect:<\/b> En tr\u00e5dl\u00f6s magnetkontakt som f\u00e4sts p\u00e5 d\u00f6rrar eller f\u00f6nster och larmar omedelbart n\u00e4r de \u00f6ppnas genom att bryta den magnetiska kontakten.<\/p>\n<\/li>\n<li>\n<p data-path-to-node=\"1,3,0\"><b data-path-to-node=\"1,3,0\" data-index-in-node=\"0\">Ajax SpaceControl (2x):<\/b>En tr\u00e5dl\u00f6s fj\u00e4rrkontroll f\u00f6r att enkelt aktivera och inaktivera larmet. Den kan \u00e4ven anv\u00e4ndas f\u00f6r att skicka n\u00f6dmeddelanden och styra smarta hem-enheter.<\/p>\n<\/li>\n<li>\n<p data-path-to-node=\"1,4,0\"><b data-path-to-node=\"1,4,0\" data-index-in-node=\"0\">Ajax HomeSiren:<\/b> En tr\u00e5dl\u00f6s inomhussiren som avger en h\u00f6g ljudsignal (upp till 105 dB) vid larm f\u00f6r att skr\u00e4mma bort inkr\u00e4ktare och varna boende.<\/p>\n<\/li>\n<li>\n<p data-path-to-node=\"1,5,0\"><b data-path-to-node=\"1,5,0\" data-index-in-node=\"0\">Ajax StreetSiren:<\/b> En robust och v\u00e4dert\u00e5lig tr\u00e5dl\u00f6s utomhussiren med kraftfull ljudsignal (upp till 113 dB) och en ljusram med lysdioder som blinkar vid larm f\u00f6r att p\u00e5kalla uppm\u00e4rksamhet fr\u00e5n omgivningen.<\/p>\n<\/li>\n<\/ul>\n<p data-path-to-node=\"6\"><strong>Systemet erbjuder en rad f\u00f6rdelar f\u00f6r dig som anv\u00e4ndare:<\/strong><\/p>\n<ul data-path-to-node=\"7\">\n<li>\n<p data-path-to-node=\"7,0,0\"><b data-path-to-node=\"7,0,0\" data-index-in-node=\"0\">Lugn och ro:<\/b> K\u00e4nn dig trygg och s\u00e4ker i ditt hem med ett dygnet-runt skydd.<\/p>\n<\/li>\n<li>\n<p data-path-to-node=\"7,1,0\"><b data-path-to-node=\"7,1,0\" data-index-in-node=\"0\">F\u00f6rebyggande skydd:<\/b> Avskr\u00e4ck inkr\u00e4ktare och minimera risken f\u00f6r inbrott, brand och vattenskador.<\/p>\n<\/li>\n<li>\n<p data-path-to-node=\"7,2,0\"><b data-path-to-node=\"7,2,0\" data-index-in-node=\"0\">Snabb reaktion:<\/b> F\u00e5 omedelbara meddelanden via appen vid larm, s\u00e5 att du kan vidta \u00e5tg\u00e4rder direkt.<\/p>\n<\/li>\n<li>\n<p data-path-to-node=\"7,3,0\"><b data-path-to-node=\"7,3,0\" data-index-in-node=\"0\">Anv\u00e4ndarv\u00e4nlighet:<\/b> Enkel installation och hantering via appen g\u00f6r systemet tillg\u00e4ngligt f\u00f6r alla.<\/p>\n<\/li>\n<li>\n<p data-path-to-node=\"7,4,0\"><b data-path-to-node=\"7,4,0\" data-index-in-node=\"0\">Full koll:<\/b> \u00d6vervaka ditt hem i realtid och f\u00e5 aviseringar om alla h\u00e4ndelser, oavsett var du befinner dig.<\/p>\n<\/li>\n<li>\n<p data-path-to-node=\"7,5,0\"><b data-path-to-node=\"7,5,0\" data-index-in-node=\"0\">Automatiserade funktioner:<\/b> Koppla systemet till andra smarta enheter f\u00f6r att skapa ett mer anslutet och bekv\u00e4mt hem.<\/p>\n<\/li>\n<li>\n<p data-path-to-node=\"7,6,0\"><b data-path-to-node=\"7,6,0\" data-index-in-node=\"0\">Flexibilitet:<\/b> Systemet \u00e4r modul\u00e4rt, vilket inneb\u00e4r att du kan skr\u00e4ddarsy det efter dina behov och ut\u00f6ka det vid behov.<\/p>\n<\/li>\n<\/ul>\n","protected":false},"excerpt":{"rendered":"<ul>\n<li>\n<p data-path-to-node=\"1,0,0\"><b data-path-to-node=\"1,0,0\" data-index-in-node=\"0\">Ajax Hub 2 Plus:<\/b> Tr\u00e5dl\u00f6s centralenhet som styr systemet och skickar larm\/aviseringar till din telefon via internet (Ethernet, Wi-Fi) och mobiln\u00e4t.<\/p>\n<\/li>\n<li>\n<p data-path-to-node=\"1,1,0\"><b data-path-to-node=\"1,1,0\" data-index-in-node=\"0\">Ajax MotionCam (2x):<\/b> En tr\u00e5dl\u00f6s r\u00f6relsedetektor med inbyggd kamera. Den tar bilder vid larm och skickar dem direkt till din telefon, s\u00e5 att du kan se vad som h\u00e4nder. Den har en l\u00e5ng batteritid p\u00e5 upp till 4 \u00e5r.<\/p>\n<\/li>\n<li>\n<p data-path-to-node=\"1,2,0\"><b data-path-to-node=\"1,2,0\" data-index-in-node=\"0\">Ajax DoorProtect:<\/b> Magnetkontakt som f\u00e4sts p\u00e5 d\u00f6rrar\/f\u00f6nster och larmar omedelbart n\u00e4r de \u00f6ppnas.<\/p>\n<\/li>\n<li>\n<p data-path-to-node=\"1,3,0\"><b data-path-to-node=\"1,3,0\" data-index-in-node=\"0\">Ajax SpaceControl (2x):<\/b> En tr\u00e5dl\u00f6s fj\u00e4rrkontroll f\u00f6r att enkelt aktivera och inaktivera larmet. Den kan \u00e4ven anv\u00e4ndas f\u00f6r att skicka n\u00f6dmeddelanden och styra smarta hem-enheter.<\/p>\n<\/li>\n<li>\n<p data-path-to-node=\"1,4,0\"><b data-path-to-node=\"1,4,0\" data-index-in-node=\"0\">Ajax HomeSiren:<\/b> H\u00f6gljudd (105 dB) inomhussiren som skr\u00e4mmer inkr\u00e4ktare och varnar boende vid larm.<\/p>\n<\/li>\n<li>\n<p data-path-to-node=\"1,5,0\"><b data-path-to-node=\"1,5,0\" data-index-in-node=\"0\">Ajax StreetSiren:<\/b> Robust och v\u00e4dert\u00e5lig utomhussiren med kraftfull ljudsignal (113 dB) och blinkande ljusram som p\u00e5kallar uppm\u00e4rksamhet.<\/p>\n<\/li>\n<\/ul>\n","protected":false},"featured_media":39506,"template":"","meta":[],"product_brand":[66],"product_cat":[1355,1354],"product_tag":[1363,1359,1361,1364,1360,1358,1357,1362,1280,1356],"berocket_brand":[],"class_list":{"0":"post-39505","1":"product","2":"type-product","3":"status-publish","4":"has-post-thumbnail","6":"product_brand-ajaxsystems","7":"product_cat-kompletta-larmsystem","8":"product_cat-larmsystem","9":"product_tag-ajax-alarm","10":"product_tag-ajax-larm","11":"product_tag-alarm","12":"product_tag-hemlarm","13":"product_tag-larm","14":"product_tag-larm-for-hem","15":"product_tag-larm-for-hus","16":"product_tag-larmsystem","17":"product_tag-overvakning-sv","18":"product_tag-tradlost-larm","20":"first","21":"instock","22":"taxable","23":"shipping-taxable","24":"purchasable","25":"product-type-simple"},"_links":{"self":[{"href":"https:\/\/cryptsec.se\/sv\/wp-json\/wp\/v2\/product\/39505","targetHints":{"allow":["GET"]}}],"collection":[{"href":"https:\/\/cryptsec.se\/sv\/wp-json\/wp\/v2\/product"}],"about":[{"href":"https:\/\/cryptsec.se\/sv\/wp-json\/wp\/v2\/types\/product"}],"wp:featuredmedia":[{"embeddable":true,"href":"https:\/\/cryptsec.se\/sv\/wp-json\/wp\/v2\/media\/39506"}],"wp:attachment":[{"href":"https:\/\/cryptsec.se\/sv\/wp-json\/wp\/v2\/media?parent=39505"}],"wp:term":[{"taxonomy":"product_brand","embeddable":true,"href":"https:\/\/cryptsec.se\/sv\/wp-json\/wp\/v2\/product_brand?post=39505"},{"taxonomy":"product_cat","embeddable":true,"href":"https:\/\/cryptsec.se\/sv\/wp-json\/wp\/v2\/product_cat?post=39505"},{"taxonomy":"product_tag","embeddable":true,"href":"https:\/\/cryptsec.se\/sv\/wp-json\/wp\/v2\/product_tag?post=39505"},{"taxonomy":"berocket_brand","embeddable":true,"href":"https:\/\/cryptsec.se\/sv\/wp-json\/wp\/v2\/berocket_brand?post=39505"}],"curies":[{"name":"wp","href":"https:\/\/api.w.org\/{rel}","templated":true}]}}