{"id":39610,"date":"2026-03-24T16:49:41","date_gmt":"2026-03-24T15:49:41","guid":{"rendered":"https:\/\/cryptsec.se\/?post_type=product&#038;p=39610"},"modified":"2026-03-24T16:49:42","modified_gmt":"2026-03-24T15:49:42","slug":"ajax-motionprotect-tradlos-rorelsedetektor-med-husdjursimmunitet","status":"publish","type":"product","link":"https:\/\/cryptsec.se\/sv\/product\/ajax-motionprotect-tradlos-rorelsedetektor-med-husdjursimmunitet\/","title":{"rendered":"Ajax MotionProtect \u2013 Tr\u00e5dl\u00f6s r\u00f6relsedetektor med husdjursimmunitet"},"content":{"rendered":"<h3 data-path-to-node=\"1\">Huvudegenskaper<\/h3>\n<ul data-path-to-node=\"2\">\n<li>\n<p data-path-to-node=\"2,0,0\"><b data-path-to-node=\"2,0,0\" data-index-in-node=\"0\">R\u00f6relsedetektering:<\/b> Uppt\u00e4cker m\u00e4nsklig r\u00f6relse p\u00e5 ett avst\u00e5nd upp till <b data-path-to-node=\"2,0,0\" data-index-in-node=\"71\">12 meter<\/b>.<\/p>\n<\/li>\n<li>\n<p data-path-to-node=\"2,1,0\"><b data-path-to-node=\"2,1,0\" data-index-in-node=\"0\">Husdjursimmunitet:<\/b> Algoritmen <i data-path-to-node=\"2,1,0\" data-index-in-node=\"30\">SmartDetect<\/i> ignorerar husdjur som v\u00e4ger upp till <b data-path-to-node=\"2,1,0\" data-index-in-node=\"79\">20 kg<\/b> och \u00e4r l\u00e4gre \u00e4n <b data-path-to-node=\"2,1,0\" data-index-in-node=\"101\">50 cm<\/b>.<\/p>\n<\/li>\n<li>\n<p data-path-to-node=\"2,2,0\"><b data-path-to-node=\"2,2,0\" data-index-in-node=\"0\">Temperaturkompensering:<\/b> Justerar k\u00e4nsligheten automatiskt beroende p\u00e5 omgivningens temperatur f\u00f6r att bibeh\u00e5lla precision \u00e4ven i varma klimat (upp till +40\u00b0C).<\/p>\n<\/li>\n<li>\n<p data-path-to-node=\"2,3,0\"><b data-path-to-node=\"2,3,0\" data-index-in-node=\"0\">L\u00e5ng batteritid:<\/b> Levereras med ett f\u00f6rinstallerat CR123A-batteri som r\u00e4cker i upp till <b data-path-to-node=\"2,3,0\" data-index-in-node=\"87\">5 \u00e5r<\/b> vid normal anv\u00e4ndning.<\/p>\n<\/li>\n<\/ul>\n<h3 data-path-to-node=\"3\">Tekniska specifikationer<\/h3>\n<ul data-path-to-node=\"4\">\n<li>\n<p data-path-to-node=\"4,0,0\"><b data-path-to-node=\"4,0,0\" data-index-in-node=\"0\">Detektionsvinkel:<\/b> 88,5\u00b0 horisontellt \/ 80\u00b0 vertikalt.<\/p>\n<\/li>\n<li>\n<p data-path-to-node=\"4,1,0\"><b data-path-to-node=\"4,1,0\" data-index-in-node=\"0\">Radioteknik (Jeweller):<\/b> Har en r\u00e4ckvidd p\u00e5 upp till <b data-path-to-node=\"4,1,0\" data-index-in-node=\"52\">1 700 meter<\/b> vid fri sikt fr\u00e5n hubben. Kommunikationen \u00e4r krypterad och skyddad mot st\u00f6rningar (jamming).<\/p>\n<\/li>\n<li>\n<p data-path-to-node=\"4,2,0\"><b data-path-to-node=\"4,2,0\" data-index-in-node=\"0\">Installation:<\/b> Klar att anv\u00e4nda direkt ur boxen. Monteras enkelt med det medf\u00f6ljande <i data-path-to-node=\"4,2,0\" data-index-in-node=\"84\">SmartBracket<\/i>-f\u00e4stet utan att enheten beh\u00f6ver tas is\u00e4r.<\/p>\n<\/li>\n<li>\n<p data-path-to-node=\"4,3,0\"><b data-path-to-node=\"4,3,0\" data-index-in-node=\"0\">Dimensioner:<\/b> 110 \u00d7 65 \u00d7 50 mm.<\/p>\n<\/li>\n<li>\n<p data-path-to-node=\"4,4,0\"><b data-path-to-node=\"4,4,0\" data-index-in-node=\"0\">Vikt:<\/b> 86 gram.<\/p>\n<\/li>\n<li>\n<p data-path-to-node=\"4,5,0\"><b data-path-to-node=\"4,5,0\" data-index-in-node=\"0\">Driftstemperatur:<\/b> -10\u00b0C till +40\u00b0C.<\/p>\n<\/li>\n<li>\n<p data-path-to-node=\"4,6,0\"><b data-path-to-node=\"4,6,0\" data-index-in-node=\"0\">Skyddsklass:<\/b> IP50 (inomhusbruk).<\/p>\n<\/li>\n<\/ul>\n<h3 data-path-to-node=\"5\">S\u00e4kerhetsfunktioner<\/h3>\n<ul data-path-to-node=\"6\">\n<li>\n<p data-path-to-node=\"6,0,0\"><b data-path-to-node=\"6,0,0\" data-index-in-node=\"0\">Sabotageskydd:<\/b> Larmar direkt om n\u00e5gon f\u00f6rs\u00f6ker montera ner eller manipulera enheten.<\/p>\n<\/li>\n<li>\n<p data-path-to-node=\"6,1,0\"><b data-path-to-node=\"6,1,0\" data-index-in-node=\"0\">Autentisering:<\/b> F\u00f6rhindrar f\u00f6rfalskning av enheten i systemet.<\/p>\n<\/li>\n<li>\n<p data-path-to-node=\"6,2,0\"><b data-path-to-node=\"6,2,0\" data-index-in-node=\"0\">App-styrning:<\/b> All konfiguration och notifieringar sker via Ajax-appen i din smartphone.<\/p>\n<\/li>\n<\/ul>\n","protected":false},"excerpt":{"rendered":"<p><b data-path-to-node=\"3\" data-index-in-node=\"0\">Ajax MotionProtect<\/b> \u00e4r en h\u00f6geffektiv tr\u00e5dl\u00f6s IR-detektor f\u00f6r inomhusbruk som omedelbart larmar vid m\u00e4nsklig r\u00f6relse. Med den intelligenta <i data-path-to-node=\"3\" data-index-in-node=\"138\">SmartDetect<\/i>-algoritmen filtrerar den bort husdjur (upp till 20 kg), vilket minimerar risken f\u00f6r falsklarm. Enheten har en r\u00e4ckvidd p\u00e5 <b data-path-to-node=\"3\" data-index-in-node=\"272\">12 meter<\/b>, upp till <b data-path-to-node=\"3\" data-index-in-node=\"291\">5 \u00e5rs batteritid<\/b> och installeras enkelt p\u00e5 n\u00e5gra minuter via Ajax-appen.<\/p>\n","protected":false},"featured_media":39611,"template":"","meta":[],"product_brand":[66],"product_cat":[1370],"product_tag":[1363,1359,1361,1135,1364,1360,1377,1378,1375,1376,1356],"berocket_brand":[],"class_list":{"0":"post-39610","1":"product","2":"type-product","3":"status-publish","4":"has-post-thumbnail","6":"product_brand-ajaxsystems","7":"product_cat-sensorer","8":"product_tag-ajax-alarm","9":"product_tag-ajax-larm","10":"product_tag-alarm","11":"product_tag-detektor","12":"product_tag-hemlarm","13":"product_tag-larm","14":"product_tag-pir","15":"product_tag-pir-sensor","16":"product_tag-rorelsedetektor","17":"product_tag-sensor","18":"product_tag-tradlost-larm","20":"first","21":"instock","22":"taxable","23":"shipping-taxable","24":"purchasable","25":"product-type-simple"},"_links":{"self":[{"href":"https:\/\/cryptsec.se\/sv\/wp-json\/wp\/v2\/product\/39610","targetHints":{"allow":["GET"]}}],"collection":[{"href":"https:\/\/cryptsec.se\/sv\/wp-json\/wp\/v2\/product"}],"about":[{"href":"https:\/\/cryptsec.se\/sv\/wp-json\/wp\/v2\/types\/product"}],"wp:featuredmedia":[{"embeddable":true,"href":"https:\/\/cryptsec.se\/sv\/wp-json\/wp\/v2\/media\/39611"}],"wp:attachment":[{"href":"https:\/\/cryptsec.se\/sv\/wp-json\/wp\/v2\/media?parent=39610"}],"wp:term":[{"taxonomy":"product_brand","embeddable":true,"href":"https:\/\/cryptsec.se\/sv\/wp-json\/wp\/v2\/product_brand?post=39610"},{"taxonomy":"product_cat","embeddable":true,"href":"https:\/\/cryptsec.se\/sv\/wp-json\/wp\/v2\/product_cat?post=39610"},{"taxonomy":"product_tag","embeddable":true,"href":"https:\/\/cryptsec.se\/sv\/wp-json\/wp\/v2\/product_tag?post=39610"},{"taxonomy":"berocket_brand","embeddable":true,"href":"https:\/\/cryptsec.se\/sv\/wp-json\/wp\/v2\/berocket_brand?post=39610"}],"curies":[{"name":"wp","href":"https:\/\/api.w.org\/{rel}","templated":true}]}}