{"id":39618,"date":"2026-03-24T17:07:58","date_gmt":"2026-03-24T16:07:58","guid":{"rendered":"https:\/\/cryptsec.se\/?post_type=product&#038;p=39618"},"modified":"2026-03-24T17:07:59","modified_gmt":"2026-03-24T16:07:59","slug":"ajax-motioncam-rorelsedetektor-med-fotoverifiering","status":"publish","type":"product","link":"https:\/\/cryptsec.se\/sv\/product\/ajax-motioncam-rorelsedetektor-med-fotoverifiering\/","title":{"rendered":"Ajax MotionCam \u2013 R\u00f6relsedetektor med fotoverifiering"},"content":{"rendered":"<p data-path-to-node=\"2\"><b data-path-to-node=\"2\" data-index-in-node=\"0\">MotionCam<\/b> \u00e4r designad f\u00f6r att ge dig full kontroll vid ett larm utan att kompromissa med din integritet. N\u00e4r r\u00f6relse uppt\u00e4cks tar enheten en serie bilder som skickas direkt till din smartphone, s\u00e5 att du direkt kan se om det r\u00f6r sig om ett faktiskt inbrott eller ett falsklarm.<\/p>\n<hr data-path-to-node=\"3\" \/>\n<h3 data-path-to-node=\"4\"><b data-path-to-node=\"4\" data-index-in-node=\"0\">Huvudegenskaper<\/b><\/h3>\n<ul data-path-to-node=\"5\">\n<li>\n<p data-path-to-node=\"5,0,0\"><b data-path-to-node=\"5,0,0\" data-index-in-node=\"0\">Visuell verifiering:<\/b> Tar en serie animerade bilder (upp till 5 st) vid larm. Den f\u00f6rsta bilden levereras inom <b data-path-to-node=\"5,0,0\" data-index-in-node=\"110\">9 sekunder<\/b>.<\/p>\n<\/li>\n<li>\n<p data-path-to-node=\"5,1,0\"><b data-path-to-node=\"5,1,0\" data-index-in-node=\"0\">Integritetsskydd:<\/b> Kameran aktiveras <i data-path-to-node=\"5,1,0\" data-index-in-node=\"36\">endast<\/i> vid utl\u00f6st larm i larmat l\u00e4ge. Den kan inte anv\u00e4ndas f\u00f6r spontan \u00f6vervakning (om du inte v\u00e4ljer &#8220;PhOD&#8221;-versionen som st\u00f6djer foto p\u00e5 beg\u00e4ran).<\/p>\n<\/li>\n<li>\n<p data-path-to-node=\"5,2,0\"><b data-path-to-node=\"5,2,0\" data-index-in-node=\"0\">Husdjursimmunitet:<\/b> Ignorerar husdjur med en vikt upp till <b data-path-to-node=\"5,2,0\" data-index-in-node=\"58\">20 kg<\/b> och h\u00f6jd upp till <b data-path-to-node=\"5,2,0\" data-index-in-node=\"82\">50 cm<\/b>.<\/p>\n<\/li>\n<li>\n<p data-path-to-node=\"5,3,0\"><b data-path-to-node=\"5,3,0\" data-index-in-node=\"0\">M\u00f6rkerseende:<\/b> Inbyggd IR-belysning g\u00f6r att kameran tar tydliga svartvita bilder \u00e4ven i totalt m\u00f6rker.<\/p>\n<\/li>\n<li>\n<p data-path-to-node=\"5,4,0\"><b data-path-to-node=\"5,4,0\" data-index-in-node=\"0\">L\u00e5ng batteritid:<\/b> Fungerar i upp till <b data-path-to-node=\"5,4,0\" data-index-in-node=\"37\">4 \u00e5r<\/b> p\u00e5 de f\u00f6rinstallerade batterierna.<\/p>\n<\/li>\n<\/ul>\n<h3 data-path-to-node=\"6\"><b data-path-to-node=\"6\" data-index-in-node=\"0\">Tekniska specifikationer<\/b><\/h3>\n<ul data-path-to-node=\"7\">\n<li>\n<p data-path-to-node=\"7,0,0\"><b data-path-to-node=\"7,0,0\" data-index-in-node=\"0\">R\u00f6relsedetektering:<\/b> Upp till <b data-path-to-node=\"7,0,0\" data-index-in-node=\"29\">12 meter<\/b> r\u00e4ckvidd.<\/p>\n<\/li>\n<li>\n<p data-path-to-node=\"7,1,0\"><b data-path-to-node=\"7,1,0\" data-index-in-node=\"0\">Uppl\u00f6sning:<\/b> Upp till 640 \u00d7 480 pixlar.<\/p>\n<\/li>\n<li>\n<p data-path-to-node=\"7,2,0\"><b data-path-to-node=\"7,2,0\" data-index-in-node=\"0\">Radioteknik:<\/b> Anv\u00e4nder <i data-path-to-node=\"7,2,0\" data-index-in-node=\"22\">Jeweller<\/i> f\u00f6r larm och <i data-path-to-node=\"7,2,0\" data-index-in-node=\"44\">Wings<\/i> f\u00f6r blixtsnabb bild\u00f6verf\u00f6ring.<\/p>\n<\/li>\n<li>\n<p data-path-to-node=\"7,3,0\"><b data-path-to-node=\"7,3,0\" data-index-in-node=\"0\">R\u00e4ckvidd:<\/b> Upp till <b data-path-to-node=\"7,3,0\" data-index-in-node=\"19\">1 700 meter<\/b> fr\u00e5n hubben (fri sikt).<\/p>\n<\/li>\n<li>\n<p data-path-to-node=\"7,4,0\"><b data-path-to-node=\"7,4,0\" data-index-in-node=\"0\">Kompatibilitet:<\/b> Kr\u00e4ver <b data-path-to-node=\"7,4,0\" data-index-in-node=\"23\">Hub 2, Hub 2 Plus<\/b> eller <b data-path-to-node=\"7,4,0\" data-index-in-node=\"47\">Hub Hybrid<\/b> (st\u00f6djer ej Hub 1).<\/p>\n<\/li>\n<li>\n<p data-path-to-node=\"7,5,0\"><b data-path-to-node=\"7,5,0\" data-index-in-node=\"0\">Dimensioner:<\/b> 135 \u00d7 70 \u00d7 60 mm.<\/p>\n<\/li>\n<\/ul>\n","protected":false},"excerpt":{"rendered":"<p><b data-path-to-node=\"10\" data-index-in-node=\"0\">Ajax MotionCam<\/b> \u00e4r en smart r\u00f6relsedetektor som eliminerar os\u00e4kerhet genom att skicka bilder direkt till din mobil vid larm. Den ser i m\u00f6rker, ignorerar husdjur upp till <b data-path-to-node=\"10\" data-index-in-node=\"169\">20 kg<\/b> och har en batteritid p\u00e5 <b data-path-to-node=\"10\" data-index-in-node=\"200\">4 \u00e5r<\/b>. Perfekt f\u00f6r att snabbt avg\u00f6ra om en situation kr\u00e4ver utryckning eller inte.<\/p>\n","protected":false},"featured_media":39619,"template":"","meta":[],"product_brand":[66],"product_cat":[1354,1370],"product_tag":[1363,1359,1361,1364,1380,1382,1360,1381,1362,1356],"berocket_brand":[],"class_list":{"0":"post-39618","1":"product","2":"type-product","3":"status-publish","4":"has-post-thumbnail","6":"product_brand-ajaxsystems","7":"product_cat-larmsystem","8":"product_cat-sensorer","9":"product_tag-ajax-alarm","10":"product_tag-ajax-larm","11":"product_tag-alarm","12":"product_tag-hemlarm","13":"product_tag-kameralarm","14":"product_tag-kamerasensor","15":"product_tag-larm","16":"product_tag-larmkamera","17":"product_tag-larmsystem","18":"product_tag-tradlost-larm","20":"first","21":"instock","22":"taxable","23":"shipping-taxable","24":"purchasable","25":"product-type-simple"},"_links":{"self":[{"href":"https:\/\/cryptsec.se\/sv\/wp-json\/wp\/v2\/product\/39618","targetHints":{"allow":["GET"]}}],"collection":[{"href":"https:\/\/cryptsec.se\/sv\/wp-json\/wp\/v2\/product"}],"about":[{"href":"https:\/\/cryptsec.se\/sv\/wp-json\/wp\/v2\/types\/product"}],"wp:featuredmedia":[{"embeddable":true,"href":"https:\/\/cryptsec.se\/sv\/wp-json\/wp\/v2\/media\/39619"}],"wp:attachment":[{"href":"https:\/\/cryptsec.se\/sv\/wp-json\/wp\/v2\/media?parent=39618"}],"wp:term":[{"taxonomy":"product_brand","embeddable":true,"href":"https:\/\/cryptsec.se\/sv\/wp-json\/wp\/v2\/product_brand?post=39618"},{"taxonomy":"product_cat","embeddable":true,"href":"https:\/\/cryptsec.se\/sv\/wp-json\/wp\/v2\/product_cat?post=39618"},{"taxonomy":"product_tag","embeddable":true,"href":"https:\/\/cryptsec.se\/sv\/wp-json\/wp\/v2\/product_tag?post=39618"},{"taxonomy":"berocket_brand","embeddable":true,"href":"https:\/\/cryptsec.se\/sv\/wp-json\/wp\/v2\/berocket_brand?post=39618"}],"curies":[{"name":"wp","href":"https:\/\/api.w.org\/{rel}","templated":true}]}}